{"id":1265,"date":"2022-09-23T08:00:50","date_gmt":"2022-09-23T08:00:50","guid":{"rendered":"https:\/\/contaudit.md\/index.php\/lines-of-activity\/"},"modified":"2022-09-25T16:56:46","modified_gmt":"2022-09-25T16:56:46","slug":"lines-of-activity","status":"publish","type":"page","link":"https:\/\/contaudit.md\/en\/index.php\/lines-of-activity\/","title":{"rendered":"Lines of activity"},"content":{"rendered":"\t\t<div data-elementor-type=\"wp-page\" data-elementor-id=\"1265\" class=\"elementor elementor-1265\">\n\t\t\t\t\t\t<section class=\"elementor-section elementor-top-section elementor-element elementor-element-5cfbc12f elementor-section-boxed elementor-section-height-default elementor-section-height-default\" data-id=\"5cfbc12f\" data-element_type=\"section\" data-e-type=\"section\" data-settings=\"{&quot;background_background&quot;:&quot;classic&quot;}\">\n\t\t\t\t\t\t\t<div class=\"elementor-background-overlay\"><\/div>\n\t\t\t\t\t\t\t<div class=\"elementor-container elementor-column-gap-default\">\n\t\t\t\t\t<div class=\"elementor-column elementor-col-100 elementor-top-column elementor-element elementor-element-714b5b39\" data-id=\"714b5b39\" data-element_type=\"column\" data-e-type=\"column\">\n\t\t\t<div class=\"elementor-widget-wrap elementor-element-populated\">\n\t\t\t\t\t\t<div class=\"elementor-element elementor-element-1371f832 elementor-widget elementor-widget-hub_fancy_heading\" data-id=\"1371f832\" data-element_type=\"widget\" data-e-type=\"widget\" data-widget_type=\"hub_fancy_heading.default\">\n\t\t\t\t<div class=\"elementor-widget-container\">\n\t\t\t\t\t\n\t\t<div id=\"ld-fancy-heading-69e4d57b2baeb\" class=\"ld-fancy-heading pos-rel\">\n\t\t\t<h1 class=\"ld-fh-element d-inline-block pos-rel  elementor-heading-title lqd-highlight-classic lqd-highlight-grow-left h1\"  > Lines of activity\n<\/h1>\t\t<\/div>\n\n\t\t\t\t\t\t<\/div>\n\t\t\t\t<\/div>\n\t\t\t\t\t<\/div>\n\t\t<\/div>\n\t\t\t\t\t<\/div>\n\t\t<\/section>\n\t\t\t\t<section class=\"elementor-section elementor-top-section elementor-element elementor-element-40650060 elementor-section-boxed elementor-section-height-default elementor-section-height-default\" data-id=\"40650060\" data-element_type=\"section\" data-e-type=\"section\">\n\t\t\t\t\t\t<div class=\"elementor-container elementor-column-gap-default\">\n\t\t\t\t\t<div class=\"elementor-column elementor-col-100 elementor-top-column elementor-element elementor-element-14942d51\" data-id=\"14942d51\" data-element_type=\"column\" data-e-type=\"column\">\n\t\t\t<div class=\"elementor-widget-wrap elementor-element-populated\">\n\t\t\t\t\t\t<div class=\"elementor-element elementor-element-3cef5d1b elementor-widget elementor-widget-text-editor\" data-id=\"3cef5d1b\" data-element_type=\"widget\" data-e-type=\"widget\" data-widget_type=\"text-editor.default\">\n\t\t\t\t<div class=\"elementor-widget-container\">\n\t\t\t\t\t\t\t\t\t<div id=\"content\" class=\"clearfix\">\n<article id=\"post-1202\" class=\"post-1202 post type-post status-publish format-standard hentry category-servicii\">\n<div class=\"article-content clearfix\">\n<div class=\"entry-content clearfix\">\n<p>The audit company \u201cCONTAUDIT-SERVICE\u201d LLC offers you accounting and audit services on the financial statements in accordance with the International Auditing Standards approved by the Ministry of Finance of the Republic of Moldova and the Law on auditing the financial statements no.271 of 15.12.2017 with subsequent amendments and completions, and ensures the provision of the complex set of services at the highest quality.<\/p>\n<p>Complex system of collection, identification, grouping, processing, registration, generalization of accounting and financial reporting elements. This includes a wide range of accounting services, starting from the processing and systematization of primary documents and ending with the preparation and presentation of reports in the fiscal and statistical authorities, as well as the compulsory social insurance fund.<\/p>\n<p>All the company&#8217;s auditors have competences in the field of International Auditing Standards (IAS), National Accounting Standards in force since January 1, 2014.<\/p>\n<p><strong>The Audit Company \u201cCONTAUDIT-SERVICE\u201d LLC offers to the economic agents the following spectrum of services:<\/strong><\/p>\n<ol type=\"1\">\n<li>Quarterly audit verification with the release of audit conclusions;<\/li>\n<li>Confirmation of financial statements with the issuance of the audit report;<\/li>\n<li>Tax audit;<\/li>\n<li>Assistance in the correct calculation of taxes, their planning and optimization;<\/li>\n<li>Elaboration of the practical recommendations necessary for the fulfillment of the Declaration regarding the income tax VEN12, taking into consideration the specifics of each enterprise;<\/li>\n<li>Support in the process of elaborating the accounting policies in accordance with the National Accounting Standards;<\/li>\n<li>Detailed analysis of the factors that influence the economic-financial activity of the enterprise;<\/li>\n<li>Audit evaluation and transaction planning;<\/li>\n<li>Elaboration of the accounting policy;<\/li>\n<li>Preparation of financial reports and tax declarations;<\/li>\n<li>Keeping automated accounting records, preparing financial and fiscal reports and presenting them to the competent state bodies;<\/li>\n<li>Restoration and optimization of accounting records;<\/li>\n<li>Accounting, tax consultations;<\/li>\n<li>Confirmation of the statutory capital of the enterprise;<\/li>\n<li>Ap\u0103rarea intereselor clientului \u00een litigiile ap\u0103rute cu organele fiscale;<\/li>\n<li>Defending the client\u2019s interests in litigations with tax authorities;<\/li>\n<li>Accounting records automation;<\/li>\n<\/ol>\n<\/div>\n<\/div>\n<\/article>\n<\/div>\t\t\t\t\t\t\t\t<\/div>\n\t\t\t\t<\/div>\n\t\t\t\t\t<\/div>\n\t\t<\/div>\n\t\t\t\t\t<\/div>\n\t\t<\/section>\n\t\t\t\t<\/div>\n\t\t","protected":false},"excerpt":{"rendered":"<p>Lines of activity The audit company \u201cCONTAUDIT-SERVICE\u201d LLC offers you accounting and audit services on the financial statements in accordance with the International Auditing Standards approved by the Ministry of Finance of the Republic of Moldova and the Law on auditing the financial statements no.271 of 15.12.2017 with subsequent amendments and completions, and ensures the [&hellip;]<\/p>\n","protected":false},"author":25,"featured_media":0,"parent":0,"menu_order":0,"comment_status":"closed","ping_status":"closed","template":"","meta":{"footnotes":""},"class_list":["post-1265","page","type-page","status-publish","hentry"],"_links":{"self":[{"href":"https:\/\/contaudit.md\/en\/index.php\/wp-json\/wp\/v2\/pages\/1265","targetHints":{"allow":["GET"]}}],"collection":[{"href":"https:\/\/contaudit.md\/en\/index.php\/wp-json\/wp\/v2\/pages"}],"about":[{"href":"https:\/\/contaudit.md\/en\/index.php\/wp-json\/wp\/v2\/types\/page"}],"author":[{"embeddable":true,"href":"https:\/\/contaudit.md\/en\/index.php\/wp-json\/wp\/v2\/users\/25"}],"replies":[{"embeddable":true,"href":"https:\/\/contaudit.md\/en\/index.php\/wp-json\/wp\/v2\/comments?post=1265"}],"version-history":[{"count":1,"href":"https:\/\/contaudit.md\/en\/index.php\/wp-json\/wp\/v2\/pages\/1265\/revisions"}],"predecessor-version":[{"id":1266,"href":"https:\/\/contaudit.md\/en\/index.php\/wp-json\/wp\/v2\/pages\/1265\/revisions\/1266"}],"wp:attachment":[{"href":"https:\/\/contaudit.md\/en\/index.php\/wp-json\/wp\/v2\/media?parent=1265"}],"curies":[{"name":"wp","href":"https:\/\/api.w.org\/{rel}","templated":true}]}}