{"id":637,"date":"2022-09-23T08:00:50","date_gmt":"2022-09-23T08:00:50","guid":{"rendered":"https:\/\/contaudit.md\/index.php\/domenii-de-activitate\/"},"modified":"2022-09-23T08:01:07","modified_gmt":"2022-09-23T08:01:07","slug":"domenii-de-activitate","status":"publish","type":"page","link":"https:\/\/contaudit.md\/index.php\/domenii-de-activitate\/","title":{"rendered":"Domenii de activitate"},"content":{"rendered":"\t\t<div data-elementor-type=\"wp-page\" data-elementor-id=\"637\" class=\"elementor elementor-637\">\n\t\t\t\t\t\t<section class=\"elementor-section elementor-top-section elementor-element elementor-element-5cfbc12f elementor-section-boxed elementor-section-height-default elementor-section-height-default\" data-id=\"5cfbc12f\" data-element_type=\"section\" data-e-type=\"section\" data-settings=\"{&quot;background_background&quot;:&quot;classic&quot;}\">\n\t\t\t\t\t\t\t<div class=\"elementor-background-overlay\"><\/div>\n\t\t\t\t\t\t\t<div class=\"elementor-container elementor-column-gap-default\">\n\t\t\t\t\t<div class=\"elementor-column elementor-col-100 elementor-top-column elementor-element elementor-element-714b5b39\" data-id=\"714b5b39\" data-element_type=\"column\" data-e-type=\"column\">\n\t\t\t<div class=\"elementor-widget-wrap elementor-element-populated\">\n\t\t\t\t\t\t<div class=\"elementor-element elementor-element-1371f832 elementor-widget elementor-widget-hub_fancy_heading\" data-id=\"1371f832\" data-element_type=\"widget\" data-e-type=\"widget\" data-widget_type=\"hub_fancy_heading.default\">\n\t\t\t\t<div class=\"elementor-widget-container\">\n\t\t\t\t\t\n\t\t<div id=\"ld-fancy-heading-69fdd27c74974\" class=\"ld-fancy-heading pos-rel\">\n\t\t\t<h1 class=\"ld-fh-element d-inline-block pos-rel  elementor-heading-title lqd-highlight-classic lqd-highlight-grow-left h1\"  > Domenii de activitate\n<\/h1>\t\t<\/div>\n\n\t\t\t\t\t\t<\/div>\n\t\t\t\t<\/div>\n\t\t\t\t\t<\/div>\n\t\t<\/div>\n\t\t\t\t\t<\/div>\n\t\t<\/section>\n\t\t\t\t<section class=\"elementor-section elementor-top-section elementor-element elementor-element-40650060 elementor-section-boxed elementor-section-height-default elementor-section-height-default\" data-id=\"40650060\" data-element_type=\"section\" data-e-type=\"section\">\n\t\t\t\t\t\t<div class=\"elementor-container elementor-column-gap-default\">\n\t\t\t\t\t<div class=\"elementor-column elementor-col-100 elementor-top-column elementor-element elementor-element-14942d51\" data-id=\"14942d51\" data-element_type=\"column\" data-e-type=\"column\">\n\t\t\t<div class=\"elementor-widget-wrap elementor-element-populated\">\n\t\t\t\t\t\t<div class=\"elementor-element elementor-element-3cef5d1b elementor-widget elementor-widget-text-editor\" data-id=\"3cef5d1b\" data-element_type=\"widget\" data-e-type=\"widget\" data-widget_type=\"text-editor.default\">\n\t\t\t\t<div class=\"elementor-widget-container\">\n\t\t\t\t\t\t\t\t\t<div id=\"content\" class=\"clearfix\">\n<article id=\"post-1202\" class=\"post-1202 post type-post status-publish format-standard hentry category-servicii\">\n<div class=\"article-content clearfix\">\n<div class=\"entry-content clearfix\">\n<p>Firma de audit \u201eCONTAUDIT-SERVICE\u201d SRL v\u0103 propune servicii de contabilitate \u0219i audit asupra situa\u021biilor financiare \u00een conformitate cu Standardele Interna\u021bionale de Audit aprobat de Ministerul Finan\u021belor al RM \u0219i Legii privind auditul situa\u021biilor financiare nr. 271 din 15.12.2017 cu modific\u0103rile \u0219i complet\u0103rile ulterioare, \u0219i v\u0103 asigur\u0103 prestarea setului complex de servicii de cea mai \u00eenalt\u0103 calitate.<\/p>\n<p>Sistem complex de colectare, identificare, grupare, prelucrare, \u00eenregistrare, generalizare a elementelor contabile \u015fi de raportare financiar\u0103. Aici se includ o gam\u0103 larg\u0103 de servicii de eviden\u0163\u0103 contabil\u0103, \u00eencep\u00e2nd de la procesarea \u0219i sistematizarea documentelor primare \u0219i finisind cu \u00eentocmirea \u0219i prezentarea rapoartelor autorit\u0103\u021bilor fiscale \u0219i statistice, precum \u0219i fondul de asigur\u0103ri sociale obligatorii.<\/p>\n<p>To\u021bi auditorii companiei de\u0163in competen\u0163e \u00een domeniul Standardelor Interna\u0163ionale de Audit (SIA), Standardele Na\u0163ionale de Contabilitate \u00een vigoare de la 1 ianuarie 2014.<\/p>\n<p><strong>Compania de Audit \u2033Contaudit Service\u2033 SRL propune agen\u0163ilor economici urm\u0103torul spectru de servicii:<\/strong><\/p>\n<ol type=\"1\">\n<li>Verificare de audit trimestrial\u0103 cu eliberarea concluziilor de audit;<\/li>\n<li>Confirmarea situa\u021biilor financiare cu eliberarea raportului de audit;<\/li>\n<li>Auditul impozitelor;<\/li>\n<li>Asisten\u0163\u0103 \u00een calcularea corect\u0103 a impozitelor, planificarea \u015fi optimizarea lor;<\/li>\n<li>Elaborarea recomand\u0103rilor practice necesare pentru \u00eendeplinirea Declara\u0163iei cu privire la impozitul pe venit VEN12, \u0163in\u00e2nd cont de specificul fiec\u0103rei \u00eentreprinderi;<\/li>\n<li>Suport \u00een procesul elabor\u0103rii politicilor contabile \u00een conformitate cu Standardele Na\u0163ionale de Contabilitate;<\/li>\n<li>Analiza detaliat\u0103 a factorilor ce influen\u0163eaz\u0103 activitatea economico\u2212financiar\u0103 a \u00eentreprinderii;<\/li>\n<li>Evaluare de audit \u015fi planificarea tranzac\u0163iilor;<\/li>\n<li>Elaborarea politicii de contabilitate;<\/li>\n<li>\u00centocmirea rapoartelor financiare \u015fi a declara\u0163iilor fiscale;<\/li>\n<li>\u0162inerea eviden\u0163ei contabile automatizate, \u00eentocmirea rapoartelor financiare \u015fi fiscale \u015fi prezentarea acestora organelor statale abilitate;<\/li>\n<li>Restabilirea \u015fi optimizarea eviden\u0163ei contabile;<\/li>\n<li>Consulta\u0163ii contabile, fiscale;<\/li>\n<li>Confirmarea capitalului statutar al \u00eentreprinderii;<\/li>\n<li>Ap\u0103rarea intereselor clientului \u00een litigiile ap\u0103rute cu organele fiscale;<\/li>\n<li>Automatizarea eviden\u0163ei contabile.<\/li>\n<li>Efectuarea expertizei judiciar\u0103 \u2013 economic\u0103.<\/li>\n<\/ol>\n<\/div>\n<\/div>\n<\/article>\n<\/div>\t\t\t\t\t\t\t\t<\/div>\n\t\t\t\t<\/div>\n\t\t\t\t\t<\/div>\n\t\t<\/div>\n\t\t\t\t\t<\/div>\n\t\t<\/section>\n\t\t\t\t<\/div>\n\t\t","protected":false},"excerpt":{"rendered":"<p>Domenii de activitate Firma de audit \u201eCONTAUDIT-SERVICE\u201d SRL v\u0103 propune servicii de contabilitate \u0219i audit asupra situa\u021biilor financiare \u00een conformitate cu Standardele Interna\u021bionale de Audit aprobat de Ministerul Finan\u021belor al RM \u0219i Legii privind auditul situa\u021biilor financiare nr. 271 din 15.12.2017 cu modific\u0103rile \u0219i complet\u0103rile ulterioare, \u0219i v\u0103 asigur\u0103 prestarea setului complex de servicii de [&hellip;]<\/p>\n","protected":false},"author":25,"featured_media":0,"parent":0,"menu_order":0,"comment_status":"closed","ping_status":"closed","template":"","meta":{"footnotes":""},"class_list":["post-637","page","type-page","status-publish","hentry"],"_links":{"self":[{"href":"https:\/\/contaudit.md\/index.php\/wp-json\/wp\/v2\/pages\/637","targetHints":{"allow":["GET"]}}],"collection":[{"href":"https:\/\/contaudit.md\/index.php\/wp-json\/wp\/v2\/pages"}],"about":[{"href":"https:\/\/contaudit.md\/index.php\/wp-json\/wp\/v2\/types\/page"}],"author":[{"embeddable":true,"href":"https:\/\/contaudit.md\/index.php\/wp-json\/wp\/v2\/users\/25"}],"replies":[{"embeddable":true,"href":"https:\/\/contaudit.md\/index.php\/wp-json\/wp\/v2\/comments?post=637"}],"version-history":[{"count":3,"href":"https:\/\/contaudit.md\/index.php\/wp-json\/wp\/v2\/pages\/637\/revisions"}],"predecessor-version":[{"id":816,"href":"https:\/\/contaudit.md\/index.php\/wp-json\/wp\/v2\/pages\/637\/revisions\/816"}],"wp:attachment":[{"href":"https:\/\/contaudit.md\/index.php\/wp-json\/wp\/v2\/media?parent=637"}],"curies":[{"name":"wp","href":"https:\/\/api.w.org\/{rel}","templated":true}]}}