{"id":646,"date":"2022-09-23T08:00:50","date_gmt":"2022-09-23T08:00:50","guid":{"rendered":"https:\/\/contaudit.md\/index.php\/legalizarea-programului-de-operare\/"},"modified":"2022-09-23T08:01:07","modified_gmt":"2022-09-23T08:01:07","slug":"legalizarea-programului-de-operare","status":"publish","type":"page","link":"https:\/\/contaudit.md\/index.php\/legalizarea-programului-de-operare\/","title":{"rendered":"Legalizarea programului de operare"},"content":{"rendered":"\t\t<div data-elementor-type=\"wp-page\" data-elementor-id=\"646\" class=\"elementor elementor-646\">\n\t\t\t\t\t\t<section class=\"elementor-section elementor-top-section elementor-element elementor-element-5911738 elementor-section-boxed elementor-section-height-default elementor-section-height-default\" data-id=\"5911738\" data-element_type=\"section\" data-e-type=\"section\" data-settings=\"{&quot;background_background&quot;:&quot;classic&quot;}\">\n\t\t\t\t\t\t\t<div class=\"elementor-background-overlay\"><\/div>\n\t\t\t\t\t\t\t<div class=\"elementor-container elementor-column-gap-default\">\n\t\t\t\t\t<div class=\"elementor-column elementor-col-100 elementor-top-column elementor-element elementor-element-64932244\" data-id=\"64932244\" data-element_type=\"column\" data-e-type=\"column\">\n\t\t\t<div class=\"elementor-widget-wrap elementor-element-populated\">\n\t\t\t\t\t\t<div class=\"elementor-element elementor-element-3a17b492 elementor-widget elementor-widget-hub_fancy_heading\" data-id=\"3a17b492\" data-element_type=\"widget\" data-e-type=\"widget\" data-widget_type=\"hub_fancy_heading.default\">\n\t\t\t\t<div class=\"elementor-widget-container\">\n\t\t\t\t\t\n\t\t<div id=\"ld-fancy-heading-69fdd35652773\" class=\"ld-fancy-heading pos-rel\">\n\t\t\t<h1 class=\"ld-fh-element d-inline-block pos-rel  elementor-heading-title lqd-highlight-classic lqd-highlight-grow-left h1\"  > Legalizarea programului de operare\n<\/h1>\t\t<\/div>\n\n\t\t\t\t\t\t<\/div>\n\t\t\t\t<\/div>\n\t\t\t\t\t<\/div>\n\t\t<\/div>\n\t\t\t\t\t<\/div>\n\t\t<\/section>\n\t\t\t\t<section class=\"elementor-section elementor-top-section elementor-element elementor-element-be96776 elementor-section-boxed elementor-section-height-default elementor-section-height-default\" data-id=\"be96776\" data-element_type=\"section\" data-e-type=\"section\">\n\t\t\t\t\t\t<div class=\"elementor-container elementor-column-gap-default\">\n\t\t\t\t\t<div class=\"elementor-column elementor-col-100 elementor-top-column elementor-element elementor-element-60b09ce0\" data-id=\"60b09ce0\" data-element_type=\"column\" data-e-type=\"column\">\n\t\t\t<div class=\"elementor-widget-wrap elementor-element-populated\">\n\t\t\t\t\t\t<div class=\"elementor-element elementor-element-593969cd elementor-widget elementor-widget-text-editor\" data-id=\"593969cd\" data-element_type=\"widget\" data-e-type=\"widget\" data-widget_type=\"text-editor.default\">\n\t\t\t\t<div class=\"elementor-widget-container\">\n\t\t\t\t\t\t\t\t\t<div id=\"content\" class=\"clearfix\">\n<article id=\"post-1202\" class=\"post-1202 post type-post status-publish format-standard hentry category-servicii\">\n<div class=\"article-content clearfix\">\n<div class=\"entry-content clearfix\">\n<div id=\"content\" class=\"clearfix\">\n<article id=\"post-1303\" class=\"post-1303 post type-post status-publish format-standard hentry category-promo-ro\">\n<div class=\"article-content clearfix\">\n<div class=\"entry-content clearfix\">\n<p>Umanitatea se confrunt\u0103 cu probleme de contabilitate \u00eenc\u0103 din cele mai vechi timpuri, oamenii calculau roada, vitele, terenurile agricole utiliz\u00e2nd pentru calcul degetele, be\u021bi\u0219oare \u0219i t\u0103bli\u021be, dar acum totul este altfel. Acum avem standarde contabile, \u0421od fiscal \u0219i computere. Pentru ca toate acestea s\u0103 func\u021bioneze \u00een favoarea companiei Dvs., dar s\u0103 nu devin\u0103 \u00eenc\u0103 o povar\u0103 grea, noi am elaborat un produs informa\u021bional \u201e1C \u0219i ContReal -contabilitate complex\u0103.<\/p>\n<p>Ne-am str\u0103duit s\u0103 lu\u0103m \u00een calcul toate realit\u0103\u021bile lumii moderne \u0219i s\u0103 v\u0103 oferim oportunitatea s\u0103 utiliza\u021bi o unealt\u0103 complex\u0103. Dac\u0103 Dvs. gestiona\u021bi:<\/p>\n<ul>\n<li>comer\u021b cu am\u0103nuntul;<\/li>\n<li>sec\u021bie de producere;<\/li>\n<li>prestare de servicii popula\u021biei sau \u00eentreprinderilor;<\/li>\n<li>comer\u021b angro;<\/li>\n<li>combina\u021bia a celor numite mai sus.<\/li>\n<\/ul>\n<p>Speciali\u0219tii \u201eCONTAUDIT-SERVICE\u201d SRL v\u0103 propun nu doar elaborarea individualizat\u0103 a programelor contabile dar \u0219i asisten\u021ba necesar\u0103 pentru:<\/p>\n<ul>\n<li>instalare;<\/li>\n<li>legalizare;<\/li>\n<li>deservire.<\/li>\n<\/ul>\n<\/div>\n<\/div>\n<\/article>\n<\/div>\n<\/div>\n<\/div>\n<\/article>\n<\/div>\t\t\t\t\t\t\t\t<\/div>\n\t\t\t\t<\/div>\n\t\t\t\t\t<\/div>\n\t\t<\/div>\n\t\t\t\t\t<\/div>\n\t\t<\/section>\n\t\t\t\t<\/div>\n\t\t","protected":false},"excerpt":{"rendered":"<p>Legalizarea programului de operare Umanitatea se confrunt\u0103 cu probleme de contabilitate \u00eenc\u0103 din cele mai vechi timpuri, oamenii calculau roada, vitele, terenurile agricole utiliz\u00e2nd pentru calcul degetele, be\u021bi\u0219oare \u0219i t\u0103bli\u021be, dar acum totul este altfel. Acum avem standarde contabile, \u0421od fiscal \u0219i computere. Pentru ca toate acestea s\u0103 func\u021bioneze \u00een favoarea companiei Dvs., dar s\u0103 [&hellip;]<\/p>\n","protected":false},"author":25,"featured_media":0,"parent":0,"menu_order":0,"comment_status":"closed","ping_status":"closed","template":"","meta":{"footnotes":""},"class_list":["post-646","page","type-page","status-publish","hentry"],"_links":{"self":[{"href":"https:\/\/contaudit.md\/index.php\/wp-json\/wp\/v2\/pages\/646","targetHints":{"allow":["GET"]}}],"collection":[{"href":"https:\/\/contaudit.md\/index.php\/wp-json\/wp\/v2\/pages"}],"about":[{"href":"https:\/\/contaudit.md\/index.php\/wp-json\/wp\/v2\/types\/page"}],"author":[{"embeddable":true,"href":"https:\/\/contaudit.md\/index.php\/wp-json\/wp\/v2\/users\/25"}],"replies":[{"embeddable":true,"href":"https:\/\/contaudit.md\/index.php\/wp-json\/wp\/v2\/comments?post=646"}],"version-history":[{"count":3,"href":"https:\/\/contaudit.md\/index.php\/wp-json\/wp\/v2\/pages\/646\/revisions"}],"predecessor-version":[{"id":819,"href":"https:\/\/contaudit.md\/index.php\/wp-json\/wp\/v2\/pages\/646\/revisions\/819"}],"wp:attachment":[{"href":"https:\/\/contaudit.md\/index.php\/wp-json\/wp\/v2\/media?parent=646"}],"curies":[{"name":"wp","href":"https:\/\/api.w.org\/{rel}","templated":true}]}}