{"id":652,"date":"2022-09-23T08:00:50","date_gmt":"2022-09-23T08:00:50","guid":{"rendered":"https:\/\/contaudit.md\/index.php\/instalarea-si-asistenta\/"},"modified":"2022-09-23T08:01:07","modified_gmt":"2022-09-23T08:01:07","slug":"instalarea-si-asistenta","status":"publish","type":"page","link":"https:\/\/contaudit.md\/index.php\/instalarea-si-asistenta\/","title":{"rendered":"Instalarea \u0219i asisten\u021b\u0103"},"content":{"rendered":"\t\t<div data-elementor-type=\"wp-page\" data-elementor-id=\"652\" class=\"elementor elementor-652\">\n\t\t\t\t\t\t<section class=\"elementor-section elementor-top-section elementor-element elementor-element-6ce8b1b3 elementor-section-boxed elementor-section-height-default elementor-section-height-default\" data-id=\"6ce8b1b3\" data-element_type=\"section\" data-e-type=\"section\" data-settings=\"{&quot;background_background&quot;:&quot;classic&quot;}\">\n\t\t\t\t\t\t\t<div class=\"elementor-background-overlay\"><\/div>\n\t\t\t\t\t\t\t<div class=\"elementor-container elementor-column-gap-default\">\n\t\t\t\t\t<div class=\"elementor-column elementor-col-100 elementor-top-column elementor-element elementor-element-6bd37e45\" data-id=\"6bd37e45\" data-element_type=\"column\" data-e-type=\"column\">\n\t\t\t<div class=\"elementor-widget-wrap elementor-element-populated\">\n\t\t\t\t\t\t<div class=\"elementor-element elementor-element-1d04de3f elementor-widget elementor-widget-hub_fancy_heading\" data-id=\"1d04de3f\" data-element_type=\"widget\" data-e-type=\"widget\" data-widget_type=\"hub_fancy_heading.default\">\n\t\t\t\t<div class=\"elementor-widget-container\">\n\t\t\t\t\t\n\t\t<div id=\"ld-fancy-heading-69fdd348977b7\" class=\"ld-fancy-heading pos-rel\">\n\t\t\t<h1 class=\"ld-fh-element d-inline-block pos-rel  elementor-heading-title lqd-highlight-classic lqd-highlight-grow-left h1\"  > Instalarea \u0219i asisten\u021b\u0103\n<\/h1>\t\t<\/div>\n\n\t\t\t\t\t\t<\/div>\n\t\t\t\t<\/div>\n\t\t\t\t\t<\/div>\n\t\t<\/div>\n\t\t\t\t\t<\/div>\n\t\t<\/section>\n\t\t\t\t<section class=\"elementor-section elementor-top-section elementor-element elementor-element-1aff7d2 elementor-section-boxed elementor-section-height-default elementor-section-height-default\" data-id=\"1aff7d2\" data-element_type=\"section\" data-e-type=\"section\">\n\t\t\t\t\t\t<div class=\"elementor-container elementor-column-gap-default\">\n\t\t\t\t\t<div class=\"elementor-column elementor-col-100 elementor-top-column elementor-element elementor-element-4b346783\" data-id=\"4b346783\" data-element_type=\"column\" data-e-type=\"column\">\n\t\t\t<div class=\"elementor-widget-wrap elementor-element-populated\">\n\t\t\t\t\t\t<div class=\"elementor-element elementor-element-21fd95ed elementor-widget elementor-widget-text-editor\" data-id=\"21fd95ed\" data-element_type=\"widget\" data-e-type=\"widget\" data-widget_type=\"text-editor.default\">\n\t\t\t\t<div class=\"elementor-widget-container\">\n\t\t\t\t\t\t\t\t\t<div id=\"content\" class=\"clearfix\">\n<article id=\"post-1202\" class=\"post-1202 post type-post status-publish format-standard hentry category-servicii\">\n<div class=\"article-content clearfix\">\n<div class=\"entry-content clearfix\">\n<div id=\"content\" class=\"clearfix\">\n<article id=\"post-1295\" class=\"post-1295 post type-post status-publish format-standard hentry category-promo-ro\">\n<div class=\"article-content clearfix\">\n<div class=\"entry-content clearfix\">\n<p>Compania noastr\u0103 ofer\u0103 o gam\u0103 complet\u0103 de servicii pentru implementarea sistemelor de automatizare bazate pe produse software 1C, ContReal folosind tehnologii avansate de lucru \u0219i experien\u021b\u0103 acumulat\u0103 \u00een automatizarea \u00eentreprinderilor mici, mijlocii \u0219i mari.<\/p>\n<p>Exper\u021bii no\u0219tri vor ajuta la formularea unui pachet de servicii de automatizare care este optim pentru afacerea \u0219i sarcinile Dvs. \u2013 \u021bin\u00e2nd cont nu numai de cerin\u021bele de moment, dar \u0219i de perspectivele dezvolt\u0103rii afacerii dvs.<\/p>\n<p>Experien\u021ba noastr\u0103 arat\u0103 c\u0103 solu\u021bia optim\u0103 a sarcinilor de afaceri ale unei \u00eentreprinderi necesit\u0103 o abordare integrat\u0103: de la definirea obiectivelor companiei p\u00e2n\u0103 la optimizarea proceselor de management \u0219i construirea unui sistem de asisten\u021b\u0103 informa\u021bional\u0103, \u021bin\u00e2nd cont de specificul afacerii.<\/p>\n<p><strong>Configurare \u0219i implementare<\/strong><\/p>\n<p>Dac\u0103 compania dvs. are nevoie s\u0103 extind\u0103 func\u021bionalitatea unei solu\u021bii standard (rapoarte speciale, documente sunt necesare, utiliza\u021bi scheme unice de organizare contabil\u0103 etc.), speciali\u0219tii no\u0219tri sunt gata s\u0103 efectueze adaptarea (configura\u021bia) configura\u021biei cu implementarea ulterioar\u0103, care include:<\/p>\n<ul>\n<li>examinare detaliat\u0103 pentru a determina gradul de necesitate pentru personalizare (clarificare a modului \u00een care anumite obiecte de program ar trebui s\u0103 func\u021bioneze, descrierea de noi directoare, documente, rapoarte, scheme de postare);<\/li>\n<li>formarea unei descrieri a sarcinii \u0219i a unei liste de lucr\u0103ri (specifica\u021bii tehnice) \u00een conformitate cu datele ob\u021binute dintr-un sondaj detaliat, o evaluare a calendarului \u0219i a costurilor acestor lucr\u0103ri;<\/li>\n<li>codare \u0219i testare \u2013 configura\u021bia real\u0103 a programului \u0219i testarea obligatorie a func\u021bionalit\u0103\u021bii \u0219i performan\u021bei noului sistem;<\/li>\n<li>implementare \u2013 punerea \u00een func\u021biune a sistemului (determinarea procedurii pentru care utilizatorii pot trece la un nou sistem, transferul datelor ini\u021biale, testarea sistemului cu date reale);<\/li>\n<li>compilarea unui \u201eGhid de utilizare\u201d pentru lucrul cu sistemul adaptat, care con\u021bine o descriere a modific\u0103rilor programului \u0219i procedura de lucru cu acesta.<\/li>\n<\/ul>\n<p>Costul acestor lucr\u0103ri este determinat pe baza listei de lucr\u0103ri, a termenilor \u0219i a altor cerin\u021be ale clientului.<\/p>\n<\/div>\n<\/div>\n<\/article>\n<\/div>\n<\/div>\n<\/div>\n<\/article>\n<\/div>\t\t\t\t\t\t\t\t<\/div>\n\t\t\t\t<\/div>\n\t\t\t\t\t<\/div>\n\t\t<\/div>\n\t\t\t\t\t<\/div>\n\t\t<\/section>\n\t\t\t\t<\/div>\n\t\t","protected":false},"excerpt":{"rendered":"<p>Instalarea \u0219i asisten\u021b\u0103 Compania noastr\u0103 ofer\u0103 o gam\u0103 complet\u0103 de servicii pentru implementarea sistemelor de automatizare bazate pe produse software 1C, ContReal folosind tehnologii avansate de lucru \u0219i experien\u021b\u0103 acumulat\u0103 \u00een automatizarea \u00eentreprinderilor mici, mijlocii \u0219i mari. Exper\u021bii no\u0219tri vor ajuta la formularea unui pachet de servicii de automatizare care este optim pentru afacerea \u0219i [&hellip;]<\/p>\n","protected":false},"author":25,"featured_media":0,"parent":0,"menu_order":0,"comment_status":"closed","ping_status":"closed","template":"","meta":{"footnotes":""},"class_list":["post-652","page","type-page","status-publish","hentry"],"_links":{"self":[{"href":"https:\/\/contaudit.md\/index.php\/wp-json\/wp\/v2\/pages\/652","targetHints":{"allow":["GET"]}}],"collection":[{"href":"https:\/\/contaudit.md\/index.php\/wp-json\/wp\/v2\/pages"}],"about":[{"href":"https:\/\/contaudit.md\/index.php\/wp-json\/wp\/v2\/types\/page"}],"author":[{"embeddable":true,"href":"https:\/\/contaudit.md\/index.php\/wp-json\/wp\/v2\/users\/25"}],"replies":[{"embeddable":true,"href":"https:\/\/contaudit.md\/index.php\/wp-json\/wp\/v2\/comments?post=652"}],"version-history":[{"count":3,"href":"https:\/\/contaudit.md\/index.php\/wp-json\/wp\/v2\/pages\/652\/revisions"}],"predecessor-version":[{"id":821,"href":"https:\/\/contaudit.md\/index.php\/wp-json\/wp\/v2\/pages\/652\/revisions\/821"}],"wp:attachment":[{"href":"https:\/\/contaudit.md\/index.php\/wp-json\/wp\/v2\/media?parent=652"}],"curies":[{"name":"wp","href":"https:\/\/api.w.org\/{rel}","templated":true}]}}