{"id":658,"date":"2022-09-23T08:00:50","date_gmt":"2022-09-23T08:00:50","guid":{"rendered":"https:\/\/contaudit.md\/index.php\/consultanta-juridica-pentru-companii\/"},"modified":"2025-10-29T13:59:35","modified_gmt":"2025-10-29T13:59:35","slug":"consultanta-juridica-pentru-companii","status":"publish","type":"page","link":"https:\/\/contaudit.md\/index.php\/consultanta-juridica-pentru-companii\/","title":{"rendered":"Consultan\u021b\u0103 juridic\u0103 pentru companii \u200b"},"content":{"rendered":"\t\t<div data-elementor-type=\"wp-page\" data-elementor-id=\"658\" class=\"elementor elementor-658\">\n\t\t\t\t\t\t<section class=\"elementor-section elementor-top-section elementor-element elementor-element-73665713 elementor-section-boxed elementor-section-height-default elementor-section-height-default\" data-id=\"73665713\" data-element_type=\"section\" data-e-type=\"section\" data-settings=\"{&quot;background_background&quot;:&quot;classic&quot;}\">\n\t\t\t\t\t\t\t<div class=\"elementor-background-overlay\"><\/div>\n\t\t\t\t\t\t\t<div class=\"elementor-container elementor-column-gap-default\">\n\t\t\t\t\t<div class=\"elementor-column elementor-col-100 elementor-top-column elementor-element elementor-element-4335deac\" data-id=\"4335deac\" data-element_type=\"column\" data-e-type=\"column\">\n\t\t\t<div class=\"elementor-widget-wrap elementor-element-populated\">\n\t\t\t\t\t\t<div class=\"elementor-element elementor-element-7976d955 elementor-widget elementor-widget-hub_fancy_heading\" data-id=\"7976d955\" data-element_type=\"widget\" data-e-type=\"widget\" data-widget_type=\"hub_fancy_heading.default\">\n\t\t\t\t<div class=\"elementor-widget-container\">\n\t\t\t\t\t\n\t\t<div id=\"ld-fancy-heading-69fdd26a07e42\" class=\"ld-fancy-heading pos-rel\">\n\t\t\t<h1 class=\"ld-fh-element d-inline-block pos-rel  elementor-heading-title lqd-highlight-classic lqd-highlight-grow-left h1\"  > Consultan\u021b\u0103 juridic\u0103 pentru companii\n<\/h1>\t\t<\/div>\n\n\t\t\t\t\t\t<\/div>\n\t\t\t\t<\/div>\n\t\t\t\t\t<\/div>\n\t\t<\/div>\n\t\t\t\t\t<\/div>\n\t\t<\/section>\n\t\t\t\t<section class=\"elementor-section elementor-top-section elementor-element elementor-element-21da61d2 elementor-section-boxed elementor-section-height-default elementor-section-height-default\" data-id=\"21da61d2\" data-element_type=\"section\" data-e-type=\"section\">\n\t\t\t\t\t\t<div class=\"elementor-container elementor-column-gap-default\">\n\t\t\t\t\t<div class=\"elementor-column elementor-col-100 elementor-top-column elementor-element elementor-element-349cd71e\" data-id=\"349cd71e\" data-element_type=\"column\" data-e-type=\"column\">\n\t\t\t<div class=\"elementor-widget-wrap elementor-element-populated\">\n\t\t\t\t\t\t<div class=\"elementor-element elementor-element-238fc86f elementor-widget elementor-widget-text-editor\" data-id=\"238fc86f\" data-element_type=\"widget\" data-e-type=\"widget\" data-widget_type=\"text-editor.default\">\n\t\t\t\t<div class=\"elementor-widget-container\">\n\t\t\t\t\t\t\t\t\t<div id=\"content\" class=\"clearfix\"><span data-mce-type=\"bookmark\" style=\"display: inline-block; width: 0px; overflow: hidden; line-height: 0;\" class=\"mce_SELRES_start\">\ufeff<\/span>\n<article id=\"post-1202\" class=\"post-1202 post type-post status-publish format-standard hentry category-servicii\">\n<div class=\"article-content clearfix\">\n<div class=\"entry-content clearfix\">\n<div id=\"content\" class=\"clearfix\">\n<article id=\"post-1281\" class=\"post-1281 post type-post status-publish format-standard hentry category-promo-ro\">\n<div class=\"article-content clearfix\">\n<div class=\"entry-content clearfix\">\n<p>Asisten\u021ba juridic\u0103 pentru \u00eentreprinderi const\u0103 nu numai \u00een consult\u0103ri, ci \u0219i \u00een activit\u0103\u021bi de \u00eenso\u021bire \u00een cazul auditurilor efectuate de autorit\u0103\u021bile fiscale \u0219i de alte autorit\u0103\u021bi de reglementare, precum \u0219i \u00een elaborarea unui aviz legal cu privire la orice contracte \u0219i tipuri de tranzac\u021bii \u00een curs.<\/p>\n<p>Atunci c\u00e2nd solicita\u021bi ajutor din partea \u201eCONTAUDIT-SERVICE\u201d SRL, pute\u021bi conta pe faptul c\u0103 nu va fi acordat\u0103 doar consultan\u021b\u0103 juridic\u0103 competent\u0103 \u0219i corect\u0103 pentru \u00eentreprindere, ci \u0219i:<\/p>\n<ul>\n<li>o serie de alte servicii juridice, care include reprezentarea \u00een arbitraj \u0219i instan\u021ba general\u0103 pe probleme precum acordarea de \u00eemprumuturi emise asigurat de bunuri mobile \u0219i imobile, \u021bin\u00e2nd cont de analiza proiectelor de contracte de \u00eemprumut; Pentru mai multe informa\u021bii accesa\u021bi <a href=\"https:\/\/investpro-ai.net\" target=\"_blank\" rel=\"nofollow noopener noreferrer\">investproai official site<\/a>.<\/li>\n\n\n<li>apelul la ac\u021biuni ale func\u021bionarilor \u00een instan\u021be judiciare \u0219i alte instan\u021be;<\/li>\n<li>solu\u021bionarea litigiilor \u00eentre fondatorii companiei;<\/li>\n<li>dispute privind recuperarea fondurilor;<\/li>\n<li>\u00eenchidere asupra bunurilor ipotecate.<\/li>\n<\/ul>\n<\/div>\n<\/div>\n<\/article>\n<\/div>\n<\/div>\n<\/div>\n<\/article>\n<\/div>\t\t\t\t\t\t\t\t<\/div>\n\t\t\t\t<\/div>\n\t\t\t\t\t<\/div>\n\t\t<\/div>\n\t\t\t\t\t<\/div>\n\t\t<\/section>\n\t\t\t\t<\/div>\n\t\t","protected":false},"excerpt":{"rendered":"<p>Consultan\u021b\u0103 juridic\u0103 pentru companii \ufeff Asisten\u021ba juridic\u0103 pentru \u00eentreprinderi const\u0103 nu numai \u00een consult\u0103ri, ci \u0219i \u00een activit\u0103\u021bi de \u00eenso\u021bire \u00een cazul auditurilor efectuate de autorit\u0103\u021bile fiscale \u0219i de alte autorit\u0103\u021bi de reglementare, precum \u0219i \u00een elaborarea unui aviz legal cu privire la orice contracte \u0219i tipuri de tranzac\u021bii \u00een curs. Atunci c\u00e2nd solicita\u021bi ajutor [&hellip;]<\/p>\n","protected":false},"author":25,"featured_media":0,"parent":0,"menu_order":0,"comment_status":"closed","ping_status":"closed","template":"","meta":{"footnotes":""},"class_list":["post-658","page","type-page","status-publish","hentry"],"_links":{"self":[{"href":"https:\/\/contaudit.md\/index.php\/wp-json\/wp\/v2\/pages\/658","targetHints":{"allow":["GET"]}}],"collection":[{"href":"https:\/\/contaudit.md\/index.php\/wp-json\/wp\/v2\/pages"}],"about":[{"href":"https:\/\/contaudit.md\/index.php\/wp-json\/wp\/v2\/types\/page"}],"author":[{"embeddable":true,"href":"https:\/\/contaudit.md\/index.php\/wp-json\/wp\/v2\/users\/25"}],"replies":[{"embeddable":true,"href":"https:\/\/contaudit.md\/index.php\/wp-json\/wp\/v2\/comments?post=658"}],"version-history":[{"count":9,"href":"https:\/\/contaudit.md\/index.php\/wp-json\/wp\/v2\/pages\/658\/revisions"}],"predecessor-version":[{"id":2555,"href":"https:\/\/contaudit.md\/index.php\/wp-json\/wp\/v2\/pages\/658\/revisions\/2555"}],"wp:attachment":[{"href":"https:\/\/contaudit.md\/index.php\/wp-json\/wp\/v2\/media?parent=658"}],"curies":[{"name":"wp","href":"https:\/\/api.w.org\/{rel}","templated":true}]}}