{"id":661,"date":"2022-09-23T08:00:50","date_gmt":"2022-09-23T08:00:50","guid":{"rendered":"https:\/\/contaudit.md\/index.php\/lichidarea-companiei\/"},"modified":"2022-09-23T08:01:08","modified_gmt":"2022-09-23T08:01:08","slug":"lichidarea-companiei","status":"publish","type":"page","link":"https:\/\/contaudit.md\/index.php\/lichidarea-companiei\/","title":{"rendered":"Lichidarea companiei"},"content":{"rendered":"\t\t<div data-elementor-type=\"wp-page\" data-elementor-id=\"661\" class=\"elementor elementor-661\">\n\t\t\t\t\t\t<section class=\"elementor-section elementor-top-section elementor-element elementor-element-3bab00ce elementor-section-boxed elementor-section-height-default elementor-section-height-default\" data-id=\"3bab00ce\" data-element_type=\"section\" data-e-type=\"section\" data-settings=\"{&quot;background_background&quot;:&quot;classic&quot;}\">\n\t\t\t\t\t\t\t<div class=\"elementor-background-overlay\"><\/div>\n\t\t\t\t\t\t\t<div class=\"elementor-container elementor-column-gap-default\">\n\t\t\t\t\t<div class=\"elementor-column elementor-col-100 elementor-top-column elementor-element elementor-element-77a1460d\" data-id=\"77a1460d\" data-element_type=\"column\" data-e-type=\"column\">\n\t\t\t<div class=\"elementor-widget-wrap elementor-element-populated\">\n\t\t\t\t\t\t<div class=\"elementor-element elementor-element-6ae4072e elementor-widget elementor-widget-hub_fancy_heading\" data-id=\"6ae4072e\" data-element_type=\"widget\" data-e-type=\"widget\" data-widget_type=\"hub_fancy_heading.default\">\n\t\t\t\t<div class=\"elementor-widget-container\">\n\t\t\t\t\t\n\t\t<div id=\"ld-fancy-heading-69fdd26833645\" class=\"ld-fancy-heading pos-rel\">\n\t\t\t<h1 class=\"ld-fh-element d-inline-block pos-rel  elementor-heading-title lqd-highlight-classic lqd-highlight-grow-left h1\"  > Lichidarea companiei\n<\/h1>\t\t<\/div>\n\n\t\t\t\t\t\t<\/div>\n\t\t\t\t<\/div>\n\t\t\t\t\t<\/div>\n\t\t<\/div>\n\t\t\t\t\t<\/div>\n\t\t<\/section>\n\t\t\t\t<section class=\"elementor-section elementor-top-section elementor-element elementor-element-5440009b elementor-section-boxed elementor-section-height-default elementor-section-height-default\" data-id=\"5440009b\" data-element_type=\"section\" data-e-type=\"section\">\n\t\t\t\t\t\t<div class=\"elementor-container elementor-column-gap-default\">\n\t\t\t\t\t<div class=\"elementor-column elementor-col-100 elementor-top-column elementor-element elementor-element-2d1aabfe\" data-id=\"2d1aabfe\" data-element_type=\"column\" data-e-type=\"column\">\n\t\t\t<div class=\"elementor-widget-wrap elementor-element-populated\">\n\t\t\t\t\t\t<div class=\"elementor-element elementor-element-7b181203 elementor-widget elementor-widget-text-editor\" data-id=\"7b181203\" data-element_type=\"widget\" data-e-type=\"widget\" data-widget_type=\"text-editor.default\">\n\t\t\t\t<div class=\"elementor-widget-container\">\n\t\t\t\t\t\t\t\t\t<div id=\"content\" class=\"clearfix\"><article id=\"post-1202\" class=\"post-1202 post type-post status-publish format-standard hentry category-servicii\"><div class=\"article-content clearfix\"><div class=\"entry-content clearfix\"><p>Lichidarea companiei este o procedur\u0103 care are ca rezultat \u00eencetarea unei persoane juridice f\u0103r\u0103 drept de a vinde sau transfera compania c\u0103tre ter\u021bi.<\/p><p>Lichidarea este una dintre formele existente de \u00eencetare a unei persoane juridice. Lichidarea persoanelor juridice are loc f\u0103r\u0103 posibilitatea de a transfera drepturile \u0219i obliga\u021biile \u00eentreprinderii c\u0103tre ter\u021bi, cu alte cuvinte f\u0103r\u0103 succesiune. Dup\u0103 lichidare, obliga\u021biile \u0219i drepturile companiei \u00eenceteaz\u0103. \u00cen procesul de lichidare a unei \u00eentreprinderi, informa\u021biile despre aceasta sunt \u0219terse din organiza\u021bii precum registrul de stat unificat, organiza\u021biile extrabugetare \u0219i bugetare, precum \u0219i din baza de date fiscale.<\/p><p>Pe baza motivelor care au condus la abolirea irevocabil\u0103 a companiei, procesul de lichidare a unei persoane juridice ar trebui s\u0103 fie \u00eemp\u0103r\u021bit \u00een dou\u0103 forme:<\/p><ul><li>for\u021bat\u0103;<\/li><li>voluntar\u0103.<\/li><\/ul><p><strong>Lichidarea for\u021bat\u0103 a unei companii<\/strong><\/p><p>Aceast\u0103 metod\u0103 de abolire a companiei este considerat\u0103 cea mai dificil\u0103. Este utilizat \u00een cazurile \u00een care o persoan\u0103 juridic\u0103 \u00een timpul activit\u0103\u021bii sale a \u00eenc\u0103lcat legisla\u021bia Republicii Moldova, iar caracteristicile juridice ale acestei persoane juridice contravin activit\u0103\u021bii juridice.<\/p><p>Cel mai adesea, metoda de lichidare for\u021bat\u0103 a unei \u00eentreprinderi este folosit\u0103 atunci c\u00e2nd:<\/p><p>Rapoartele financiare \u0219i declara\u021biile fiscale nu au fost prezentate autorit\u0103\u021bilor competente;<br \/>Informa\u021biile specificate \u00een documenta\u021bia oficial\u0103 contrazic datele reale. Deci, \u00een USR poate fi indicat\u0103 o adres\u0103 a unei companii, dar \u00een realitate poate fi \u00eentr-un loc complet diferit. Un alt exemplu: o firm\u0103 desf\u0103\u0219oar\u0103 activit\u0103\u021bi comerciale neautorizate.<br \/>Informa\u021bii importante! Lichidarea for\u021bat\u0103 a unei \u00eentreprinderi poate fi efectuat\u0103 exclusiv dac\u0103 instan\u021ba a decis c\u0103 nu este posibil\u0103 corectarea \u0219i eliminarea \u00eenc\u0103lc\u0103rilor descoperite \u00een func\u021bionarea persoanei juridice.<\/p><p>Procesul de finalizare for\u021bat\u0103 a companiei se desf\u0103\u0219oar\u0103 dup\u0103 urm\u0103torul algoritm:<\/p><ul><li>Se formeaz\u0103 componen\u021ba comisiei de lichidare. Un astfel de comision are dreptul de a gestiona personal compania lichidat\u0103.<\/li><li>Interesele creditorilor sunt satisf\u0103cute, bunurile mobile \u0219i imobile (dac\u0103 exist\u0103) sunt distribuite. \u00cen situa\u021biile \u00een care o persoan\u0103 juridic\u0103 nu are resurse pentru a-\u0219i acoperi propriile datorii, comisia de lichidare are dreptul de a vinde proprietatea \u00eentreprinderii \u0219i de a direc\u021biona \u00eencas\u0103rile c\u0103tre rambursarea datoriilor.<\/li><li>Toate autorit\u0103\u021bile sunt notificate cu privire la desfiin\u021barea unei anumite persoane juridice. Notificarea corespunz\u0103toare este trimis\u0103 serviciului fiscal, USR, fondului de pensii etc.<\/li><li>Se \u00eentocme\u0219te un bilan\u021b intermediar \u0219i final de lichidare.<\/li><li>Sunt colectate toate documentele necesare pentru desfiin\u021barea complet\u0103 \u0219i definitiv\u0103 a companiei.<\/li><li>Interesele companiei desfiin\u021bate sunt reprezentate la toate \u0219edin\u021bele de judecat\u0103.<\/li><li>Spre deosebire de voluntar, desfiin\u021barea for\u021bat\u0103 a unei persoane juridice dureaz\u0103 aproximativ 1 lun\u0103 \u00een timp. \u00cen toate celelalte cazuri, procesul poate dura dou\u0103, sau chiar de trei ori mai mult timp. Linkey Audit Group v\u0103 va ajuta s\u0103 simplifica\u021bi acest proces pe c\u00e2t posibil.<\/li><\/ul><p>Dup\u0103 ce toate procedurile de desfiin\u021bare sunt finalizate \u0219i compania este lichidat\u0103 complet, \u0219eful acesteia va primi un document care confirm\u0103 acest fapt cu motive specifice.<\/p><p><strong>Lichidarea voluntar\u0103 a unei companii<\/strong><\/p><p>Aceast\u0103 form\u0103 de abolire a unei persoane juridice este adesea folosit\u0103 \u00een dou\u0103 cazuri:<\/p><ul><li>Societatea de administrare \u00eempreun\u0103 cu membrii societ\u0103\u021bii pe ac\u021biuni iau o decizie conform c\u0103reia compania este recunoscut\u0103 ca neprofitabil\u0103 \u0219i neprofitabil\u0103;<\/li><li>\u00cenainte de deschiderea \u00eentreprinderii, managerul a prezentat obiectivele specifice care au fost atinse p\u00e2n\u0103 acum. \u00cen consecin\u021b\u0103, se ia decizia c\u0103 func\u021bionarea ulterioar\u0103 a companiei nu are sens.<\/li><li>\u00cen acest caz, persoana juridic\u0103 notific\u0103 serviciului fiscal decizia de a efectua o lichidare voluntar\u0103. Aceasta este baza constituirii unei comisii speciale, care va stabili obliga\u021bii de desf\u0103\u0219urare a procedurii de desfiin\u021bare.<\/li><\/ul><p>Este posibil\u0103 \u00eenchiderea permanent\u0103 a unei companii prin decizie voluntar\u0103 \u00een urm\u0103toarele condi\u021bii:<\/p><ul><li>Compania desf\u0103\u0219oar\u0103 activit\u0103\u021bi care nu contravin legisla\u021biei Republicii Moldova;<\/li><li>Persoana juridic\u0103 nu este \u00eempov\u0103rat\u0103 cu obliga\u021bii legate de datorie nici fa\u021b\u0103 de serviciul fiscal, nici c\u0103tre creditori;<\/li><li>Compania desfiin\u021bat\u0103 a finalizat toate tranzac\u021biile. Grupul de fondatori \u0219i parteneri nu deranjeaz\u0103 \u00eenchiderea companiei.<\/li><\/ul><\/div><\/div><\/article><\/div>\t\t\t\t\t\t\t\t<\/div>\n\t\t\t\t<\/div>\n\t\t\t\t\t<\/div>\n\t\t<\/div>\n\t\t\t\t\t<\/div>\n\t\t<\/section>\n\t\t\t\t<\/div>\n\t\t","protected":false},"excerpt":{"rendered":"<p>Lichidarea companiei Lichidarea companiei este o procedur\u0103 care are ca rezultat \u00eencetarea unei persoane juridice f\u0103r\u0103 drept de a vinde sau transfera compania c\u0103tre ter\u021bi. Lichidarea este una dintre formele existente de \u00eencetare a unei persoane juridice. Lichidarea persoanelor juridice are loc f\u0103r\u0103 posibilitatea de a transfera drepturile \u0219i obliga\u021biile \u00eentreprinderii c\u0103tre ter\u021bi, cu alte [&hellip;]<\/p>\n","protected":false},"author":25,"featured_media":0,"parent":0,"menu_order":0,"comment_status":"closed","ping_status":"closed","template":"","meta":{"footnotes":""},"class_list":["post-661","page","type-page","status-publish","hentry"],"_links":{"self":[{"href":"https:\/\/contaudit.md\/index.php\/wp-json\/wp\/v2\/pages\/661","targetHints":{"allow":["GET"]}}],"collection":[{"href":"https:\/\/contaudit.md\/index.php\/wp-json\/wp\/v2\/pages"}],"about":[{"href":"https:\/\/contaudit.md\/index.php\/wp-json\/wp\/v2\/types\/page"}],"author":[{"embeddable":true,"href":"https:\/\/contaudit.md\/index.php\/wp-json\/wp\/v2\/users\/25"}],"replies":[{"embeddable":true,"href":"https:\/\/contaudit.md\/index.php\/wp-json\/wp\/v2\/comments?post=661"}],"version-history":[{"count":3,"href":"https:\/\/contaudit.md\/index.php\/wp-json\/wp\/v2\/pages\/661\/revisions"}],"predecessor-version":[{"id":824,"href":"https:\/\/contaudit.md\/index.php\/wp-json\/wp\/v2\/pages\/661\/revisions\/824"}],"wp:attachment":[{"href":"https:\/\/contaudit.md\/index.php\/wp-json\/wp\/v2\/media?parent=661"}],"curies":[{"name":"wp","href":"https:\/\/api.w.org\/{rel}","templated":true}]}}