{"id":664,"date":"2022-09-23T08:00:51","date_gmt":"2022-09-23T08:00:51","guid":{"rendered":"https:\/\/contaudit.md\/index.php\/analiza-financiara-a-companiei\/"},"modified":"2022-09-23T08:01:08","modified_gmt":"2022-09-23T08:01:08","slug":"analiza-financiara-a-companiei","status":"publish","type":"page","link":"https:\/\/contaudit.md\/index.php\/analiza-financiara-a-companiei\/","title":{"rendered":"Analiza financiar\u0103 a companiei"},"content":{"rendered":"\t\t<div data-elementor-type=\"wp-page\" data-elementor-id=\"664\" class=\"elementor elementor-664\">\n\t\t\t\t\t\t<section class=\"elementor-section elementor-top-section elementor-element elementor-element-6c9b9084 elementor-section-boxed elementor-section-height-default elementor-section-height-default\" data-id=\"6c9b9084\" data-element_type=\"section\" data-e-type=\"section\" data-settings=\"{&quot;background_background&quot;:&quot;classic&quot;}\">\n\t\t\t\t\t\t\t<div class=\"elementor-background-overlay\"><\/div>\n\t\t\t\t\t\t\t<div class=\"elementor-container elementor-column-gap-default\">\n\t\t\t\t\t<div class=\"elementor-column elementor-col-100 elementor-top-column elementor-element elementor-element-2593889e\" data-id=\"2593889e\" data-element_type=\"column\" data-e-type=\"column\">\n\t\t\t<div class=\"elementor-widget-wrap elementor-element-populated\">\n\t\t\t\t\t\t<div class=\"elementor-element elementor-element-5f909428 elementor-widget elementor-widget-hub_fancy_heading\" data-id=\"5f909428\" data-element_type=\"widget\" data-e-type=\"widget\" data-widget_type=\"hub_fancy_heading.default\">\n\t\t\t\t<div class=\"elementor-widget-container\">\n\t\t\t\t\t\n\t\t<div id=\"ld-fancy-heading-69fdd2679dc11\" class=\"ld-fancy-heading pos-rel\">\n\t\t\t<h1 class=\"ld-fh-element d-inline-block pos-rel  elementor-heading-title lqd-highlight-classic lqd-highlight-grow-left h1\"  > Analiza financiar\u0103 a companiei\n<\/h1>\t\t<\/div>\n\n\t\t\t\t\t\t<\/div>\n\t\t\t\t<\/div>\n\t\t\t\t\t<\/div>\n\t\t<\/div>\n\t\t\t\t\t<\/div>\n\t\t<\/section>\n\t\t\t\t<section class=\"elementor-section elementor-top-section elementor-element elementor-element-4f566c7e elementor-section-boxed elementor-section-height-default elementor-section-height-default\" data-id=\"4f566c7e\" data-element_type=\"section\" data-e-type=\"section\">\n\t\t\t\t\t\t<div class=\"elementor-container elementor-column-gap-default\">\n\t\t\t\t\t<div class=\"elementor-column elementor-col-100 elementor-top-column elementor-element elementor-element-2c4ef4f8\" data-id=\"2c4ef4f8\" data-element_type=\"column\" data-e-type=\"column\">\n\t\t\t<div class=\"elementor-widget-wrap elementor-element-populated\">\n\t\t\t\t\t\t<div class=\"elementor-element elementor-element-3ef2d856 elementor-widget elementor-widget-text-editor\" data-id=\"3ef2d856\" data-element_type=\"widget\" data-e-type=\"widget\" data-widget_type=\"text-editor.default\">\n\t\t\t\t<div class=\"elementor-widget-container\">\n\t\t\t\t\t\t\t\t\t<div id=\"content\" class=\"clearfix\">\n<article id=\"post-1202\" class=\"post-1202 post type-post status-publish format-standard hentry category-servicii\">\n<div class=\"article-content clearfix\">\n<div class=\"entry-content clearfix\">\n<div id=\"content\" class=\"clearfix\">\n<article id=\"post-1251\" class=\"post-1251 post type-post status-publish format-standard hentry category-promo-ro\">\n<div class=\"article-content clearfix\">\n<div class=\"entry-content clearfix\">\n<p>Analiza financiar\u0103 ca serviciu de consultan\u021b\u0103 este unul dintre instrumentele cheie concepute pentru a evalua starea \u0219i eficacitatea utiliz\u0103rii poten\u021bialului economic al organiza\u021biei, precum \u0219i luarea deciziilor manageriale privind optimizarea activit\u0103\u021bilor sale. Pe baza rezultatelor analizei financiare, este posibil s\u0103 se stabileasc\u0103 modul \u00een care factorii de cre\u0219tere fac s\u0103 creasc\u0103 valoarea afacerii \u0219i s\u0103 identifice riscurile \u0219i amenin\u021b\u0103rile existente care apar \u00een cursul implement\u0103rii activit\u0103\u021bilor financiare \u0219i economice.<\/p>\n<p>Domeniul de baz\u0103 al activit\u0103\u021bii include astfel de proceduri analitice precum:<br>&nbsp;&nbsp;&nbsp;<strong>&nbsp;&nbsp;&nbsp;1. Analiz\u0103 structural\u0103:<\/strong><br>&nbsp;&nbsp;&nbsp;&nbsp;&nbsp;&nbsp;&nbsp;\u2022 analiza structurii bilan\u021bului;<br>&nbsp;&nbsp;&nbsp;&nbsp;&nbsp;&nbsp;&nbsp;\u2022 analiza structurii activelor;<br>&nbsp;&nbsp;&nbsp;&nbsp;&nbsp;&nbsp;&nbsp;\u2022 analiza surselor de finan\u021bare;<br>&nbsp;&nbsp;&nbsp;&nbsp;&nbsp;&nbsp;&nbsp;<strong>2. Analiz\u0103 determinist\u0103:<\/strong><br>&nbsp;&nbsp;&nbsp;&nbsp;&nbsp;&nbsp;&nbsp;\u2022 analiza factorilor;<br>&nbsp;&nbsp;&nbsp;&nbsp;&nbsp;&nbsp;&nbsp;\u2022 analiza pe linii de activitate;<br>&nbsp;&nbsp;&nbsp;&nbsp;&nbsp;&nbsp;&nbsp;3.<strong>&nbsp;Analiz\u0103 de reglementare:<\/strong><br>&nbsp;&nbsp;&nbsp;&nbsp;&nbsp;&nbsp;&nbsp;\u2022 analiza respect\u0103rii standardelor recunoscute \u00een general;<br>&nbsp;&nbsp;&nbsp;&nbsp;&nbsp;&nbsp;&nbsp;\u2022 analiza respect\u0103rii planului bugetar;<br>&nbsp;&nbsp;&nbsp;&nbsp;&nbsp;&nbsp;&nbsp;4.<strong>&nbsp;Analiza coeficientului:<\/strong><br>&nbsp;&nbsp;&nbsp;&nbsp;&nbsp;&nbsp;&nbsp;\u2022 analiza lichidit\u0103\u021bii;<br>&nbsp;&nbsp;&nbsp;&nbsp;&nbsp;&nbsp;&nbsp;\u2022 analiza stabilit\u0103\u021bii financiare;<br>&nbsp;&nbsp;&nbsp;&nbsp;&nbsp;&nbsp;&nbsp;\u2022 analiza rentabilit\u0103\u021bii;<br>&nbsp;&nbsp;&nbsp;&nbsp;&nbsp;&nbsp;&nbsp;\u2022 analiza activit\u0103\u021bii de afaceri;<br>&nbsp;&nbsp;&nbsp;&nbsp;&nbsp;&nbsp;&nbsp;\u2022 analiza solvabilit\u0103\u021bii.<\/p>\n<\/div>\n<\/div>\n<\/article>\n<\/div>\n<\/div>\n<\/div>\n<\/article>\n<\/div>\t\t\t\t\t\t\t\t<\/div>\n\t\t\t\t<\/div>\n\t\t\t\t\t<\/div>\n\t\t<\/div>\n\t\t\t\t\t<\/div>\n\t\t<\/section>\n\t\t\t\t<\/div>\n\t\t","protected":false},"excerpt":{"rendered":"<p>Analiza financiar\u0103 a companiei Analiza financiar\u0103 ca serviciu de consultan\u021b\u0103 este unul dintre instrumentele cheie concepute pentru a evalua starea \u0219i eficacitatea utiliz\u0103rii poten\u021bialului economic al organiza\u021biei, precum \u0219i luarea deciziilor manageriale privind optimizarea activit\u0103\u021bilor sale. Pe baza rezultatelor analizei financiare, este posibil s\u0103 se stabileasc\u0103 modul \u00een care factorii de cre\u0219tere fac s\u0103 creasc\u0103 [&hellip;]<\/p>\n","protected":false},"author":25,"featured_media":0,"parent":0,"menu_order":0,"comment_status":"closed","ping_status":"closed","template":"","meta":{"footnotes":""},"class_list":["post-664","page","type-page","status-publish","hentry"],"_links":{"self":[{"href":"https:\/\/contaudit.md\/index.php\/wp-json\/wp\/v2\/pages\/664","targetHints":{"allow":["GET"]}}],"collection":[{"href":"https:\/\/contaudit.md\/index.php\/wp-json\/wp\/v2\/pages"}],"about":[{"href":"https:\/\/contaudit.md\/index.php\/wp-json\/wp\/v2\/types\/page"}],"author":[{"embeddable":true,"href":"https:\/\/contaudit.md\/index.php\/wp-json\/wp\/v2\/users\/25"}],"replies":[{"embeddable":true,"href":"https:\/\/contaudit.md\/index.php\/wp-json\/wp\/v2\/comments?post=664"}],"version-history":[{"count":3,"href":"https:\/\/contaudit.md\/index.php\/wp-json\/wp\/v2\/pages\/664\/revisions"}],"predecessor-version":[{"id":825,"href":"https:\/\/contaudit.md\/index.php\/wp-json\/wp\/v2\/pages\/664\/revisions\/825"}],"wp:attachment":[{"href":"https:\/\/contaudit.md\/index.php\/wp-json\/wp\/v2\/media?parent=664"}],"curies":[{"name":"wp","href":"https:\/\/api.w.org\/{rel}","templated":true}]}}