{"id":673,"date":"2022-09-23T08:00:51","date_gmt":"2022-09-23T08:00:51","guid":{"rendered":"https:\/\/contaudit.md\/index.php\/elaborarea-strategiei-de-dezvoltare-a-afecerii\/"},"modified":"2022-09-23T08:01:08","modified_gmt":"2022-09-23T08:01:08","slug":"elaborarea-strategiei-de-dezvoltare-a-afecerii","status":"publish","type":"page","link":"https:\/\/contaudit.md\/index.php\/elaborarea-strategiei-de-dezvoltare-a-afecerii\/","title":{"rendered":"Elaborarea strategiei de dezvoltare a afecerii"},"content":{"rendered":"\t\t<div data-elementor-type=\"wp-page\" data-elementor-id=\"673\" class=\"elementor elementor-673\">\n\t\t\t\t\t\t<section class=\"elementor-section elementor-top-section elementor-element elementor-element-b234733 elementor-section-boxed elementor-section-height-default elementor-section-height-default\" data-id=\"b234733\" data-element_type=\"section\" data-e-type=\"section\" data-settings=\"{&quot;background_background&quot;:&quot;classic&quot;}\">\n\t\t\t\t\t\t\t<div class=\"elementor-background-overlay\"><\/div>\n\t\t\t\t\t\t\t<div class=\"elementor-container elementor-column-gap-default\">\n\t\t\t\t\t<div class=\"elementor-column elementor-col-100 elementor-top-column elementor-element elementor-element-79f7c0ad\" data-id=\"79f7c0ad\" data-element_type=\"column\" data-e-type=\"column\">\n\t\t\t<div class=\"elementor-widget-wrap elementor-element-populated\">\n\t\t\t\t\t\t<div class=\"elementor-element elementor-element-cb893cc elementor-widget elementor-widget-hub_fancy_heading\" data-id=\"cb893cc\" data-element_type=\"widget\" data-e-type=\"widget\" data-widget_type=\"hub_fancy_heading.default\">\n\t\t\t\t<div class=\"elementor-widget-container\">\n\t\t\t\t\t\n\t\t<div id=\"ld-fancy-heading-69fdd25138491\" class=\"ld-fancy-heading pos-rel\">\n\t\t\t<h1 class=\"ld-fh-element d-inline-block pos-rel  elementor-heading-title lqd-highlight-classic lqd-highlight-grow-left h1\"  > Elaborarea strategiei de dezvoltare a afecerii\n<\/h1>\t\t<\/div>\n\n\t\t\t\t\t\t<\/div>\n\t\t\t\t<\/div>\n\t\t\t\t\t<\/div>\n\t\t<\/div>\n\t\t\t\t\t<\/div>\n\t\t<\/section>\n\t\t\t\t<section class=\"elementor-section elementor-top-section elementor-element elementor-element-2e04cb64 elementor-section-boxed elementor-section-height-default elementor-section-height-default\" data-id=\"2e04cb64\" data-element_type=\"section\" data-e-type=\"section\">\n\t\t\t\t\t\t<div class=\"elementor-container elementor-column-gap-default\">\n\t\t\t\t\t<div class=\"elementor-column elementor-col-100 elementor-top-column elementor-element elementor-element-671cf588\" data-id=\"671cf588\" data-element_type=\"column\" data-e-type=\"column\">\n\t\t\t<div class=\"elementor-widget-wrap elementor-element-populated\">\n\t\t\t\t\t\t<div class=\"elementor-element elementor-element-48b9058c elementor-widget elementor-widget-text-editor\" data-id=\"48b9058c\" data-element_type=\"widget\" data-e-type=\"widget\" data-widget_type=\"text-editor.default\">\n\t\t\t\t<div class=\"elementor-widget-container\">\n\t\t\t\t\t\t\t\t\t<div id=\"content\" class=\"clearfix\"><article id=\"post-1202\" class=\"post-1202 post type-post status-publish format-standard hentry category-servicii\"><div class=\"article-content clearfix\"><div class=\"entry-content clearfix\"><div id=\"content\" class=\"clearfix\"><article id=\"post-1255\" class=\"post-1255 post type-post status-publish format-standard hentry category-promo-ro\"><div class=\"article-content clearfix\"><div class=\"entry-content clearfix\"><p>Dezvoltarea \u0219i implementarea strategiei companiei \u0219i a unit\u0103\u021bilor sale de afaceri, care permite realizarea poten\u021bialului maxim, concuren\u021ba mai eficient\u0103 \u0219i ofer\u0103 avantaje competitive durabile. \u00cen primul r\u00e2nd, ne concentr\u0103m pe activele de baz\u0103 \u0219i unit\u0103\u021bile de afaceri de baz\u0103, cu evalu\u0103ri impar\u021biale suplimentare ale domeniilor conexe. Toate aceste lucr\u0103ri sunt realizate \u021bin\u00e2nd cont de toate aspectele importante pentru implementarea recomand\u0103rilor pentru a ne asigura c\u0103 clien\u021bii no\u0219tri pot transforma rapid planurile \u00een rezultate tangibile.<\/p><p>Doar o organiza\u021bie care respect\u0103 constant o strategie clar\u0103, construie\u0219te un sistem de produc\u021bie distinctiv\u0103 \u0219i poten\u021bial organizatoric \u00een conformitate cu aceasta \u0219i promoveaz\u0103 bunuri \u0219i servicii care sunt dezvoltate cu succes \u00een cadrul acestui sistem, este capabil\u0103 s\u0103-\u0219i dep\u0103\u0219easc\u0103 cu \u00eencredere concuren\u021bii \u0219i s\u0103 realizeze o dezvoltare durabil\u0103.<\/p><p><strong>DEZVOLTAREA STRATEGIEI FIRMEI \u2013 STRATEGIE FUNC\u021aIONAL\u0102<\/strong><br \/>Este o parte integrant\u0103 a planului strategic al \u00eentreprinderii. De obicei are detalii mai profunde \u0219i un orizont de planificare mai scurt. Principalul nostru obiectiv \u00een dezvoltare este evaluarea \u0219i asigurarea particip\u0103rii diverselor servicii func\u021bionale la implementarea eficient\u0103 a planurilor corporative \u0219i de afaceri. Pentru a face acest lucru, dezvolt\u0103m instruc\u021biuni \u0219i proceduri clare pentru managerii \u0219i speciali\u0219tii responsabili cu implementarea planurilor anuale. Principalele discipline func\u021bionale, care sunt specializarea noastr\u0103, \u00een care se va folosi experien\u021ba unic\u0103 \u0219i se vor aplica cele mai bune practici mondiale:<\/p><ul><li>Consultan\u021b\u0103 opera\u021bional\u0103, \u00een cadrul c\u0103reia vom dezvolta abord\u0103ri eficiente pentru planificarea produc\u021biei \u0219i a marketingului, vom introduce tehnologii de fabrica\u021bie slab\u0103 (Lean, Six Sigma, etc.), sisteme de control al calit\u0103\u021bii \u0219i monitorizare a performan\u021bei folosind panouri de management, precum \u0219i optimizarea proceselor de afaceri;<\/li><li>Managementul inventarului \u00eentreprinderii;<\/li><li>Sistemul de aprovizionare \u0219i aprovizionare al organiza\u021biei;<\/li><li>Managementul resurselor umane;<\/li><\/ul><p>\u00cen plus, \u00een cursul consultan\u021bei anti-criz\u0103, vom preg\u0103ti un plan de recuperare cuprinz\u0103tor pentru \u00eentreprindere, incluz\u00e2nd, dac\u0103 este necesar, \u00eentreaga list\u0103 a lucr\u0103rilor men\u021bionate mai sus privind planificarea strategic\u0103 pe mai multe niveluri.<\/p><\/div><\/div><\/article><\/div><\/div><\/div><\/article><\/div>\t\t\t\t\t\t\t\t<\/div>\n\t\t\t\t<\/div>\n\t\t\t\t\t<\/div>\n\t\t<\/div>\n\t\t\t\t\t<\/div>\n\t\t<\/section>\n\t\t\t\t<\/div>\n\t\t","protected":false},"excerpt":{"rendered":"<p>Elaborarea strategiei de dezvoltare a afecerii Dezvoltarea \u0219i implementarea strategiei companiei \u0219i a unit\u0103\u021bilor sale de afaceri, care permite realizarea poten\u021bialului maxim, concuren\u021ba mai eficient\u0103 \u0219i ofer\u0103 avantaje competitive durabile. \u00cen primul r\u00e2nd, ne concentr\u0103m pe activele de baz\u0103 \u0219i unit\u0103\u021bile de afaceri de baz\u0103, cu evalu\u0103ri impar\u021biale suplimentare ale domeniilor conexe. Toate aceste lucr\u0103ri [&hellip;]<\/p>\n","protected":false},"author":25,"featured_media":0,"parent":0,"menu_order":0,"comment_status":"closed","ping_status":"closed","template":"","meta":{"footnotes":""},"class_list":["post-673","page","type-page","status-publish","hentry"],"_links":{"self":[{"href":"https:\/\/contaudit.md\/index.php\/wp-json\/wp\/v2\/pages\/673","targetHints":{"allow":["GET"]}}],"collection":[{"href":"https:\/\/contaudit.md\/index.php\/wp-json\/wp\/v2\/pages"}],"about":[{"href":"https:\/\/contaudit.md\/index.php\/wp-json\/wp\/v2\/types\/page"}],"author":[{"embeddable":true,"href":"https:\/\/contaudit.md\/index.php\/wp-json\/wp\/v2\/users\/25"}],"replies":[{"embeddable":true,"href":"https:\/\/contaudit.md\/index.php\/wp-json\/wp\/v2\/comments?post=673"}],"version-history":[{"count":3,"href":"https:\/\/contaudit.md\/index.php\/wp-json\/wp\/v2\/pages\/673\/revisions"}],"predecessor-version":[{"id":828,"href":"https:\/\/contaudit.md\/index.php\/wp-json\/wp\/v2\/pages\/673\/revisions\/828"}],"wp:attachment":[{"href":"https:\/\/contaudit.md\/index.php\/wp-json\/wp\/v2\/media?parent=673"}],"curies":[{"name":"wp","href":"https:\/\/api.w.org\/{rel}","templated":true}]}}