{"id":676,"date":"2022-09-23T08:00:51","date_gmt":"2022-09-23T08:00:51","guid":{"rendered":"https:\/\/contaudit.md\/index.php\/inregistrarea-entitatii\/"},"modified":"2022-09-23T08:01:08","modified_gmt":"2022-09-23T08:01:08","slug":"inregistrarea-entitatii","status":"publish","type":"page","link":"https:\/\/contaudit.md\/index.php\/inregistrarea-entitatii\/","title":{"rendered":"\u00cenregistrarea entit\u0103\u021bii"},"content":{"rendered":"\t\t<div data-elementor-type=\"wp-page\" data-elementor-id=\"676\" class=\"elementor elementor-676\">\n\t\t\t\t\t\t<section class=\"elementor-section elementor-top-section elementor-element elementor-element-2bbf0c54 elementor-section-boxed elementor-section-height-default elementor-section-height-default\" data-id=\"2bbf0c54\" data-element_type=\"section\" data-e-type=\"section\" data-settings=\"{&quot;background_background&quot;:&quot;classic&quot;}\">\n\t\t\t\t\t\t\t<div class=\"elementor-background-overlay\"><\/div>\n\t\t\t\t\t\t\t<div class=\"elementor-container elementor-column-gap-default\">\n\t\t\t\t\t<div class=\"elementor-column elementor-col-100 elementor-top-column elementor-element elementor-element-14bcdeca\" data-id=\"14bcdeca\" data-element_type=\"column\" data-e-type=\"column\">\n\t\t\t<div class=\"elementor-widget-wrap elementor-element-populated\">\n\t\t\t\t\t\t<div class=\"elementor-element elementor-element-694c99d6 elementor-widget elementor-widget-hub_fancy_heading\" data-id=\"694c99d6\" data-element_type=\"widget\" data-e-type=\"widget\" data-widget_type=\"hub_fancy_heading.default\">\n\t\t\t\t<div class=\"elementor-widget-container\">\n\t\t\t\t\t\n\t\t<div id=\"ld-fancy-heading-69f5352a55cb0\" class=\"ld-fancy-heading pos-rel\">\n\t\t\t<h1 class=\"ld-fh-element d-inline-block pos-rel  elementor-heading-title lqd-highlight-classic lqd-highlight-grow-left h1\"  > \u00cenregistrarea entit\u0103\u021bii\n<\/h1>\t\t<\/div>\n\n\t\t\t\t\t\t<\/div>\n\t\t\t\t<\/div>\n\t\t\t\t\t<\/div>\n\t\t<\/div>\n\t\t\t\t\t<\/div>\n\t\t<\/section>\n\t\t\t\t<section class=\"elementor-section elementor-top-section elementor-element elementor-element-40f8d70b elementor-section-boxed elementor-section-height-default elementor-section-height-default\" data-id=\"40f8d70b\" data-element_type=\"section\" data-e-type=\"section\">\n\t\t\t\t\t\t<div class=\"elementor-container elementor-column-gap-default\">\n\t\t\t\t\t<div class=\"elementor-column elementor-col-100 elementor-top-column elementor-element elementor-element-9312509\" data-id=\"9312509\" data-element_type=\"column\" data-e-type=\"column\">\n\t\t\t<div class=\"elementor-widget-wrap elementor-element-populated\">\n\t\t\t\t\t\t<div class=\"elementor-element elementor-element-5719a573 elementor-widget elementor-widget-text-editor\" data-id=\"5719a573\" data-element_type=\"widget\" data-e-type=\"widget\" data-widget_type=\"text-editor.default\">\n\t\t\t\t<div class=\"elementor-widget-container\">\n\t\t\t\t\t\t\t\t\t<div id=\"content\" class=\"clearfix\"><article id=\"post-1202\" class=\"post-1202 post type-post status-publish format-standard hentry category-servicii\"><div class=\"article-content clearfix\"><div class=\"entry-content clearfix\"><div id=\"content\" class=\"clearfix\"><article id=\"post-1251\" class=\"post-1251 post type-post status-publish format-standard hentry category-promo-ro\"><div class=\"article-content clearfix\"><div class=\"entry-content clearfix\"><p>Serviciile de \u00eenregistrare a persoanelor juridice includ:<\/p><ul><li>consiliere pentru \u00eenregistrare;<\/li><li>lucra\u021bi cu documente constitutive;<\/li><li>\u00eenregistrare de stat cu \u00eenregistrare \u00een registru;<\/li><li>\u00eenregistrarea la FISC;<\/li><li>\u00eenregistrarea \u00een fonduri;<\/li><li>primirea extrasului din registru;<\/li><li>productia de tipar;<\/li><li>deschiderea unui cont curent.<\/li><\/ul><\/div><\/div><\/article><\/div><\/div><\/div><\/article><\/div>\t\t\t\t\t\t\t\t<\/div>\n\t\t\t\t<\/div>\n\t\t\t\t\t<\/div>\n\t\t<\/div>\n\t\t\t\t\t<\/div>\n\t\t<\/section>\n\t\t\t\t<\/div>\n\t\t","protected":false},"excerpt":{"rendered":"<p>\u00cenregistrarea entit\u0103\u021bii Serviciile de \u00eenregistrare a persoanelor juridice includ: consiliere pentru \u00eenregistrare; lucra\u021bi cu documente constitutive; \u00eenregistrare de stat cu \u00eenregistrare \u00een registru; \u00eenregistrarea la FISC; \u00eenregistrarea \u00een fonduri; primirea extrasului din registru; productia de tipar; deschiderea unui cont curent.<\/p>\n","protected":false},"author":25,"featured_media":0,"parent":0,"menu_order":0,"comment_status":"closed","ping_status":"closed","template":"","meta":{"footnotes":""},"class_list":["post-676","page","type-page","status-publish","hentry"],"_links":{"self":[{"href":"https:\/\/contaudit.md\/index.php\/wp-json\/wp\/v2\/pages\/676","targetHints":{"allow":["GET"]}}],"collection":[{"href":"https:\/\/contaudit.md\/index.php\/wp-json\/wp\/v2\/pages"}],"about":[{"href":"https:\/\/contaudit.md\/index.php\/wp-json\/wp\/v2\/types\/page"}],"author":[{"embeddable":true,"href":"https:\/\/contaudit.md\/index.php\/wp-json\/wp\/v2\/users\/25"}],"replies":[{"embeddable":true,"href":"https:\/\/contaudit.md\/index.php\/wp-json\/wp\/v2\/comments?post=676"}],"version-history":[{"count":3,"href":"https:\/\/contaudit.md\/index.php\/wp-json\/wp\/v2\/pages\/676\/revisions"}],"predecessor-version":[{"id":829,"href":"https:\/\/contaudit.md\/index.php\/wp-json\/wp\/v2\/pages\/676\/revisions\/829"}],"wp:attachment":[{"href":"https:\/\/contaudit.md\/index.php\/wp-json\/wp\/v2\/media?parent=676"}],"curies":[{"name":"wp","href":"https:\/\/api.w.org\/{rel}","templated":true}]}}