{"id":682,"date":"2022-09-23T08:00:51","date_gmt":"2022-09-23T08:00:51","guid":{"rendered":"https:\/\/contaudit.md\/index.php\/consulting-strategic\/"},"modified":"2022-09-23T08:01:08","modified_gmt":"2022-09-23T08:01:08","slug":"consulting-strategic","status":"publish","type":"page","link":"https:\/\/contaudit.md\/index.php\/consulting-strategic\/","title":{"rendered":"Consulting strategic"},"content":{"rendered":"\t\t<div data-elementor-type=\"wp-page\" data-elementor-id=\"682\" class=\"elementor elementor-682\">\n\t\t\t\t\t\t<section class=\"elementor-section elementor-top-section elementor-element elementor-element-12e0c57a elementor-section-boxed elementor-section-height-default elementor-section-height-default\" data-id=\"12e0c57a\" data-element_type=\"section\" data-e-type=\"section\" data-settings=\"{&quot;background_background&quot;:&quot;classic&quot;}\">\n\t\t\t\t\t\t<div class=\"elementor-container elementor-column-gap-default\">\n\t\t\t\t\t<div class=\"elementor-column elementor-col-100 elementor-top-column elementor-element elementor-element-43f3afab\" data-id=\"43f3afab\" data-element_type=\"column\" data-e-type=\"column\">\n\t\t\t<div class=\"elementor-widget-wrap elementor-element-populated\">\n\t\t\t\t\t\t<div class=\"elementor-element elementor-element-5df3b75e elementor-widget elementor-widget-hub_fancy_heading\" data-id=\"5df3b75e\" data-element_type=\"widget\" data-e-type=\"widget\" data-widget_type=\"hub_fancy_heading.default\">\n\t\t\t\t<div class=\"elementor-widget-container\">\n\t\t\t\t\t\n\t\t<div id=\"ld-fancy-heading-69fdd34880355\" class=\"ld-fancy-heading pos-rel\">\n\t\t\t<h1 class=\"ld-fh-element d-inline-block pos-rel  elementor-heading-title lqd-highlight-classic lqd-highlight-grow-left h1\"  > Consulting strategic\n<\/h1>\t\t<\/div>\n\n\t\t\t\t\t\t<\/div>\n\t\t\t\t<\/div>\n\t\t\t\t\t<\/div>\n\t\t<\/div>\n\t\t\t\t\t<\/div>\n\t\t<\/section>\n\t\t\t\t<section class=\"elementor-section elementor-top-section elementor-element elementor-element-3db4e688 elementor-section-boxed elementor-section-height-default elementor-section-height-default\" data-id=\"3db4e688\" data-element_type=\"section\" data-e-type=\"section\">\n\t\t\t\t\t\t<div class=\"elementor-container elementor-column-gap-default\">\n\t\t\t\t\t<div class=\"elementor-column elementor-col-50 elementor-top-column elementor-element elementor-element-61a78795\" data-id=\"61a78795\" data-element_type=\"column\" data-e-type=\"column\">\n\t\t\t<div class=\"elementor-widget-wrap elementor-element-populated\">\n\t\t\t\t\t\t<div class=\"elementor-element elementor-element-284d99b7 elementor-widget elementor-widget-image\" data-id=\"284d99b7\" data-element_type=\"widget\" data-e-type=\"widget\" data-widget_type=\"image.default\">\n\t\t\t\t<div class=\"elementor-widget-container\">\n\t\t\t\t\t\t\t\t\t\t\t\t\t\t\t<img fetchpriority=\"high\" decoding=\"async\" width=\"780\" height=\"516\" src=\"https:\/\/contaudit.md\/wp-content\/uploads\/2022\/09\/buhgalterskaya-ekspertiza2-1024x678.jpeg\" class=\"attachment-large size-large wp-image-103\" alt=\"\" srcset=\"https:\/\/contaudit.md\/wp-content\/uploads\/2022\/09\/buhgalterskaya-ekspertiza2-1024x678.jpeg 1024w, https:\/\/contaudit.md\/wp-content\/uploads\/2022\/09\/buhgalterskaya-ekspertiza2-300x199.jpeg 300w, https:\/\/contaudit.md\/wp-content\/uploads\/2022\/09\/buhgalterskaya-ekspertiza2.jpeg 1280w\" sizes=\"(max-width: 780px) 100vw, 780px\" \/>\t\t\t\t\t\t\t\t\t\t\t\t\t\t\t<\/div>\n\t\t\t\t<\/div>\n\t\t\t\t\t<\/div>\n\t\t<\/div>\n\t\t\t\t<div class=\"elementor-column elementor-col-50 elementor-top-column elementor-element elementor-element-5549de8a\" data-id=\"5549de8a\" data-element_type=\"column\" data-e-type=\"column\">\n\t\t\t<div class=\"elementor-widget-wrap elementor-element-populated\">\n\t\t\t\t\t\t<section class=\"elementor-section elementor-inner-section elementor-element elementor-element-8026e08 elementor-section-boxed elementor-section-height-default elementor-section-height-default\" data-id=\"8026e08\" data-element_type=\"section\" data-e-type=\"section\">\n\t\t\t\t\t\t<div class=\"elementor-container elementor-column-gap-default\">\n\t\t\t\t\t<div class=\"elementor-column elementor-col-100 elementor-inner-column elementor-element elementor-element-1910258c\" data-id=\"1910258c\" data-element_type=\"column\" data-e-type=\"column\">\n\t\t\t<div class=\"elementor-widget-wrap elementor-element-populated\">\n\t\t\t\t\t\t<div class=\"elementor-element elementor-element-7f9895e6 elementor-widget elementor-widget-hub_fancy_heading\" data-id=\"7f9895e6\" data-element_type=\"widget\" data-e-type=\"widget\" data-widget_type=\"hub_fancy_heading.default\">\n\t\t\t\t<div class=\"elementor-widget-container\">\n\t\t\t\t\t\n\t\t<div id=\"ld-fancy-heading-69fdd34880c95\" class=\"ld-fancy-heading pos-rel\">\n\t\t\t<p class=\"ld-fh-element d-inline-block pos-rel  lqd-highlight-classic lqd-highlight-grow-left p\"  > Consultan\u021ba strategic\u0103 este un complex de ac\u021biuni menite s\u0103 determine vectorul de dezvoltare al companiei \u0219i perspectivele acesteia, pe baza situa\u021biei de pia\u021b\u0103 existente \u0219i a poten\u021bialului companiei \u00een sine. Sarcina sa principal\u0103 este de a aduce ideile abstracte \u00eentr-o strategie eficient\u0103 \u0219i de succes pentru dezvoltarea companiei.\n\n\n\n<\/p>\t\t<\/div>\n\n\t\t\t\t\t\t<\/div>\n\t\t\t\t<\/div>\n\t\t\t\t<div class=\"elementor-element elementor-element-e511d1a elementor-widget elementor-widget-hub_fancy_heading\" data-id=\"e511d1a\" data-element_type=\"widget\" data-e-type=\"widget\" data-widget_type=\"hub_fancy_heading.default\">\n\t\t\t\t<div class=\"elementor-widget-container\">\n\t\t\t\t\t\n\t\t<div id=\"ld-fancy-heading-69fdd348813f2\" class=\"ld-fancy-heading pos-rel\">\n\t\t\t<p class=\"ld-fh-element d-inline-block pos-rel  lqd-highlight-classic lqd-highlight-grow-left p\"  > \u00centr-o lupt\u0103 concuren\u021bial\u0103 \u00een continu\u0103 cre\u0219tere, strategia companiei elaborat\u0103 incorect elimin\u0103 toate eforturile ulterioare care vizeaz\u0103 dezvoltarea acesteia. Pentru a rezolva \u00een mod eficient aceast\u0103 problem\u0103, exist\u0103 o consultan\u021b\u0103 strategic\u0103, care este de departe una dintre cele mai c\u0103utate servicii.\n<\/p>\t\t<\/div>\n\n\t\t\t\t\t\t<\/div>\n\t\t\t\t<\/div>\n\t\t\t\t\t<\/div>\n\t\t<\/div>\n\t\t\t\t\t<\/div>\n\t\t<\/section>\n\t\t\t\t\t<\/div>\n\t\t<\/div>\n\t\t\t\t\t<\/div>\n\t\t<\/section>\n\t\t\t\t<\/div>\n\t\t","protected":false},"excerpt":{"rendered":"<p>Consulting strategic Consultan\u021ba strategic\u0103 este un complex de ac\u021biuni menite s\u0103 determine vectorul de dezvoltare al companiei \u0219i perspectivele acesteia, pe baza situa\u021biei de pia\u021b\u0103 existente \u0219i a poten\u021bialului companiei \u00een sine. Sarcina sa principal\u0103 este de a aduce ideile abstracte \u00eentr-o strategie eficient\u0103 \u0219i de succes pentru dezvoltarea companiei. \u00centr-o lupt\u0103 concuren\u021bial\u0103 \u00een continu\u0103 [&hellip;]<\/p>\n","protected":false},"author":25,"featured_media":0,"parent":0,"menu_order":0,"comment_status":"closed","ping_status":"closed","template":"","meta":{"footnotes":""},"class_list":["post-682","page","type-page","status-publish","hentry"],"_links":{"self":[{"href":"https:\/\/contaudit.md\/index.php\/wp-json\/wp\/v2\/pages\/682","targetHints":{"allow":["GET"]}}],"collection":[{"href":"https:\/\/contaudit.md\/index.php\/wp-json\/wp\/v2\/pages"}],"about":[{"href":"https:\/\/contaudit.md\/index.php\/wp-json\/wp\/v2\/types\/page"}],"author":[{"embeddable":true,"href":"https:\/\/contaudit.md\/index.php\/wp-json\/wp\/v2\/users\/25"}],"replies":[{"embeddable":true,"href":"https:\/\/contaudit.md\/index.php\/wp-json\/wp\/v2\/comments?post=682"}],"version-history":[{"count":3,"href":"https:\/\/contaudit.md\/index.php\/wp-json\/wp\/v2\/pages\/682\/revisions"}],"predecessor-version":[{"id":831,"href":"https:\/\/contaudit.md\/index.php\/wp-json\/wp\/v2\/pages\/682\/revisions\/831"}],"wp:attachment":[{"href":"https:\/\/contaudit.md\/index.php\/wp-json\/wp\/v2\/media?parent=682"}],"curies":[{"name":"wp","href":"https:\/\/api.w.org\/{rel}","templated":true}]}}