{"id":685,"date":"2022-09-23T08:00:51","date_gmt":"2022-09-23T08:00:51","guid":{"rendered":"https:\/\/contaudit.md\/index.php\/consultanta-contabila\/"},"modified":"2022-09-23T08:01:08","modified_gmt":"2022-09-23T08:01:08","slug":"consultanta-contabila","status":"publish","type":"page","link":"https:\/\/contaudit.md\/index.php\/consultanta-contabila\/","title":{"rendered":"Consultan\u021b\u0103 contabil\u0103"},"content":{"rendered":"\t\t<div data-elementor-type=\"wp-page\" data-elementor-id=\"685\" class=\"elementor elementor-685\">\n\t\t\t\t\t\t<section class=\"elementor-section elementor-top-section elementor-element elementor-element-769e1836 elementor-section-boxed elementor-section-height-default elementor-section-height-default\" data-id=\"769e1836\" data-element_type=\"section\" data-e-type=\"section\" data-settings=\"{&quot;background_background&quot;:&quot;classic&quot;}\">\n\t\t\t\t\t\t\t<div class=\"elementor-background-overlay\"><\/div>\n\t\t\t\t\t\t\t<div class=\"elementor-container elementor-column-gap-default\">\n\t\t\t\t\t<div class=\"elementor-column elementor-col-100 elementor-top-column elementor-element elementor-element-6696880b\" data-id=\"6696880b\" data-element_type=\"column\" data-e-type=\"column\">\n\t\t\t<div class=\"elementor-widget-wrap elementor-element-populated\">\n\t\t\t\t\t\t<div class=\"elementor-element elementor-element-3316c723 elementor-widget elementor-widget-hub_fancy_heading\" data-id=\"3316c723\" data-element_type=\"widget\" data-e-type=\"widget\" data-widget_type=\"hub_fancy_heading.default\">\n\t\t\t\t<div class=\"elementor-widget-container\">\n\t\t\t\t\t\n\t\t<div id=\"ld-fancy-heading-69e0c997c83e7\" class=\"ld-fancy-heading pos-rel\">\n\t\t\t<h1 class=\"ld-fh-element d-inline-block pos-rel  elementor-heading-title lqd-highlight-classic lqd-highlight-grow-left h1\"  > Consultan\u021b\u0103 contabil\u0103\n<\/h1>\t\t<\/div>\n\n\t\t\t\t\t\t<\/div>\n\t\t\t\t<\/div>\n\t\t\t\t\t<\/div>\n\t\t<\/div>\n\t\t\t\t\t<\/div>\n\t\t<\/section>\n\t\t\t\t<section class=\"elementor-section elementor-top-section elementor-element elementor-element-74c66166 elementor-section-boxed elementor-section-height-default elementor-section-height-default\" data-id=\"74c66166\" data-element_type=\"section\" data-e-type=\"section\">\n\t\t\t\t\t\t<div class=\"elementor-container elementor-column-gap-default\">\n\t\t\t\t\t<div class=\"elementor-column elementor-col-100 elementor-top-column elementor-element elementor-element-2d773e6c\" data-id=\"2d773e6c\" data-element_type=\"column\" data-e-type=\"column\">\n\t\t\t<div class=\"elementor-widget-wrap elementor-element-populated\">\n\t\t\t\t\t\t<div class=\"elementor-element elementor-element-611abbc1 elementor-widget elementor-widget-text-editor\" data-id=\"611abbc1\" data-element_type=\"widget\" data-e-type=\"widget\" data-widget_type=\"text-editor.default\">\n\t\t\t\t<div class=\"elementor-widget-container\">\n\t\t\t\t\t\t\t\t\t<div id=\"content\" class=\"clearfix\">\n<article id=\"post-1202\" class=\"post-1202 post type-post status-publish format-standard hentry category-servicii\">\n<div class=\"article-content clearfix\">\n<div class=\"entry-content clearfix\">\n<p>Modific\u0103rile legisla\u021biei moldovene\u0219ti apar periodic. Prin urmare, chiar \u0219i exper\u021bii contabili cu experien\u021b\u0103 trebuie s\u0103 consulte periodic colegii. \u0218i \u00eentr-o afacere mic\u0103, \u00een care contabilitatea este condus\u0103 \u00een principal de antreprenorii \u00een\u0219i\u0219i, nu se poate face f\u0103r\u0103 avizul speciali\u0219tilor.<\/p>\n<p>Consult\u0103rile privind contabilitatea \u0219i impozitarea permit evitarea problemelor cu organiza\u021biile de audit, reduc costurile \u00eentreprinderii \u0219i optimizeaz\u0103 sistemul contabil.<\/p>\n<p><strong>C\u00e2nd este necesar s\u0103 v\u0103 consulta\u021bi?<\/strong><\/p>\n<p>Oameni de afaceri, lideri de afaceri, contabili cu norm\u0103 \u00eentreag\u0103 au nevoie de recomand\u0103rile speciali\u0219tilor multidisciplinari \u00een urm\u0103toarele situa\u021bii:<\/p>\n<ol>\n<li>La \u00eenregistrarea unei \u00eentreprinderi. Un expert \u00een domeniul contabilit\u0103\u021bii v\u0103 va spune ce form\u0103 de organiza\u021bie trebuie s\u0103 utiliza\u021bi, sistemul de impozitare \u0219i contabilitate. El va explica cum s\u0103 p\u0103streze \u00eenregistr\u0103rile.<\/li>\n<li>La alegerea metodelor de plat\u0103 cu furnizorii \u0219i contractan\u021bii. \u00cen func\u021bie de formele alese \u0219i ordinea decont\u0103rilor, depinde profitul final al \u00eentreprinderii. Cu ajutorul unui specialist, pute\u021bi alege cea mai profitabil\u0103 op\u021biune.<\/li>\n<li>C\u00e2nd transfera\u021bi contabilitatea la externalizare. \u00cen timpul consult\u0103rii, se efectueaz\u0103 calcule pentru a determina cel mai profitabil sistem de contabilitate.<\/li>\n<li>La restaurarea contabilit\u0103\u021bii. Consultan\u021ba contabil\u0103 v\u0103 permite s\u0103 identifica\u021bi erorile din documenta\u021bia de raportare a perioadelor trecute \u0219i s\u0103 le corecta\u021bi \u00een timp util, ceea ce va ajuta la evitarea sanc\u021biunilor din partea organiza\u021biilor de inspec\u021bie.<\/li>\n<\/ol>\n<p>Un rol \u0219i mai important \u00eel joac\u0103 consult\u0103rile privind contabilitatea persoanelor juridice. \u00cen acest caz, speciali\u0219tii \u201eCONTAUDIT-SERVICE\u201d SRL ofer\u0103 o serie \u00eentreag\u0103 de servicii care vizeaz\u0103 optimizarea contabilit\u0103\u021bii.<\/p>\n<p><strong>Beneficiile consult\u0103rii contabile<\/strong><\/p>\n<p>Ajutorul unui specialist \u00een problema depan\u0103rii contabilit\u0103\u021bii, g\u0103sirea erorilor sau optimizarea unui sistem existent ajut\u0103 la:<\/p>\n<ul>\n<li>cre\u0219terea profiturile \u00eentreprinderii prin reducerea costurilor \u00een exces;<\/li>\n<li>asigurarea riscurilor asociate vizitelor organiza\u021biilor de inspec\u021bie;<\/li>\n<li>simplificarea sistemelor de contabilitate \u0219i a contabilit\u0103\u021bii fiscale utilizate.<\/li>\n<\/ul>\n<p>Prin urmare, to\u021bi consultan\u021bii profesioni\u0219ti sunt necesari periodic de c\u0103tre oamenii de afaceri \u0219i administratorii companiei.<\/p>\n<\/div>\n<\/div>\n<\/article>\n<\/div>\t\t\t\t\t\t\t\t<\/div>\n\t\t\t\t<\/div>\n\t\t\t\t\t<\/div>\n\t\t<\/div>\n\t\t\t\t\t<\/div>\n\t\t<\/section>\n\t\t\t\t<\/div>\n\t\t","protected":false},"excerpt":{"rendered":"<p>Consultan\u021b\u0103 contabil\u0103 Modific\u0103rile legisla\u021biei moldovene\u0219ti apar periodic. Prin urmare, chiar \u0219i exper\u021bii contabili cu experien\u021b\u0103 trebuie s\u0103 consulte periodic colegii. \u0218i \u00eentr-o afacere mic\u0103, \u00een care contabilitatea este condus\u0103 \u00een principal de antreprenorii \u00een\u0219i\u0219i, nu se poate face f\u0103r\u0103 avizul speciali\u0219tilor. Consult\u0103rile privind contabilitatea \u0219i impozitarea permit evitarea problemelor cu organiza\u021biile de audit, reduc costurile [&hellip;]<\/p>\n","protected":false},"author":25,"featured_media":0,"parent":0,"menu_order":0,"comment_status":"closed","ping_status":"closed","template":"","meta":{"footnotes":""},"class_list":["post-685","page","type-page","status-publish","hentry"],"_links":{"self":[{"href":"https:\/\/contaudit.md\/index.php\/wp-json\/wp\/v2\/pages\/685","targetHints":{"allow":["GET"]}}],"collection":[{"href":"https:\/\/contaudit.md\/index.php\/wp-json\/wp\/v2\/pages"}],"about":[{"href":"https:\/\/contaudit.md\/index.php\/wp-json\/wp\/v2\/types\/page"}],"author":[{"embeddable":true,"href":"https:\/\/contaudit.md\/index.php\/wp-json\/wp\/v2\/users\/25"}],"replies":[{"embeddable":true,"href":"https:\/\/contaudit.md\/index.php\/wp-json\/wp\/v2\/comments?post=685"}],"version-history":[{"count":3,"href":"https:\/\/contaudit.md\/index.php\/wp-json\/wp\/v2\/pages\/685\/revisions"}],"predecessor-version":[{"id":832,"href":"https:\/\/contaudit.md\/index.php\/wp-json\/wp\/v2\/pages\/685\/revisions\/832"}],"wp:attachment":[{"href":"https:\/\/contaudit.md\/index.php\/wp-json\/wp\/v2\/media?parent=685"}],"curies":[{"name":"wp","href":"https:\/\/api.w.org\/{rel}","templated":true}]}}