{"id":691,"date":"2022-09-23T08:00:51","date_gmt":"2022-09-23T08:00:51","guid":{"rendered":"https:\/\/contaudit.md\/index.php\/servicii-de-consultanta\/"},"modified":"2022-09-23T08:01:09","modified_gmt":"2022-09-23T08:01:09","slug":"servicii-de-consultanta","status":"publish","type":"page","link":"https:\/\/contaudit.md\/index.php\/servicii-de-consultanta\/","title":{"rendered":"Servicii de consultan\u021b\u0103"},"content":{"rendered":"\t\t<div data-elementor-type=\"wp-page\" data-elementor-id=\"691\" class=\"elementor elementor-691\">\n\t\t\t\t\t\t<section class=\"elementor-section elementor-top-section elementor-element elementor-element-a972d82 elementor-section-boxed elementor-section-height-default elementor-section-height-default\" data-id=\"a972d82\" data-element_type=\"section\" data-e-type=\"section\" data-settings=\"{&quot;background_background&quot;:&quot;classic&quot;}\">\n\t\t\t\t\t\t<div class=\"elementor-container elementor-column-gap-default\">\n\t\t\t\t\t<div class=\"elementor-column elementor-col-100 elementor-top-column elementor-element elementor-element-179a1fc6\" data-id=\"179a1fc6\" data-element_type=\"column\" data-e-type=\"column\">\n\t\t\t<div class=\"elementor-widget-wrap elementor-element-populated\">\n\t\t\t\t\t\t<div class=\"elementor-element elementor-element-8f04fe0 elementor-widget elementor-widget-hub_fancy_heading\" data-id=\"8f04fe0\" data-element_type=\"widget\" data-e-type=\"widget\" data-widget_type=\"hub_fancy_heading.default\">\n\t\t\t\t<div class=\"elementor-widget-container\">\n\t\t\t\t\t\n\t\t<div id=\"ld-fancy-heading-69fdd268cdaec\" class=\"ld-fancy-heading pos-rel\">\n\t\t\t<h1 class=\"ld-fh-element d-inline-block pos-rel  elementor-heading-title lqd-highlight-classic lqd-highlight-grow-left h1\"  > Servicii de consultan\u021b\u0103\n<\/h1>\t\t<\/div>\n\n\t\t\t\t\t\t<\/div>\n\t\t\t\t<\/div>\n\t\t\t\t\t<\/div>\n\t\t<\/div>\n\t\t\t\t\t<\/div>\n\t\t<\/section>\n\t\t\t\t<section class=\"elementor-section elementor-top-section elementor-element elementor-element-27ea4e5d elementor-section-boxed elementor-section-height-default elementor-section-height-default\" data-id=\"27ea4e5d\" data-element_type=\"section\" data-e-type=\"section\">\n\t\t\t\t\t\t<div class=\"elementor-container elementor-column-gap-default\">\n\t\t\t\t\t<div class=\"elementor-column elementor-col-50 elementor-top-column elementor-element elementor-element-1131d532\" data-id=\"1131d532\" data-element_type=\"column\" data-e-type=\"column\">\n\t\t\t<div class=\"elementor-widget-wrap elementor-element-populated\">\n\t\t\t\t\t\t<div class=\"elementor-element elementor-element-1f203e4 elementor-widget elementor-widget-image\" data-id=\"1f203e4\" data-element_type=\"widget\" data-e-type=\"widget\" data-widget_type=\"image.default\">\n\t\t\t\t<div class=\"elementor-widget-container\">\n\t\t\t\t\t\t\t\t\t\t\t\t\t\t\t<img fetchpriority=\"high\" decoding=\"async\" width=\"780\" height=\"434\" src=\"https:\/\/contaudit.md\/wp-content\/uploads\/2022\/09\/1-1-1920x1280-1-800x445-1.jpeg\" class=\"attachment-large size-large wp-image-115\" alt=\"\" srcset=\"https:\/\/contaudit.md\/wp-content\/uploads\/2022\/09\/1-1-1920x1280-1-800x445-1.jpeg 800w, https:\/\/contaudit.md\/wp-content\/uploads\/2022\/09\/1-1-1920x1280-1-800x445-1-300x167.jpeg 300w\" sizes=\"(max-width: 780px) 100vw, 780px\" \/>\t\t\t\t\t\t\t\t\t\t\t\t\t\t\t<\/div>\n\t\t\t\t<\/div>\n\t\t\t\t\t<\/div>\n\t\t<\/div>\n\t\t\t\t<div class=\"elementor-column elementor-col-50 elementor-top-column elementor-element elementor-element-543c8a15\" data-id=\"543c8a15\" data-element_type=\"column\" data-e-type=\"column\">\n\t\t\t<div class=\"elementor-widget-wrap elementor-element-populated\">\n\t\t\t\t\t\t<section class=\"elementor-section elementor-inner-section elementor-element elementor-element-2e43ec3f elementor-section-boxed elementor-section-height-default elementor-section-height-default\" data-id=\"2e43ec3f\" data-element_type=\"section\" data-e-type=\"section\">\n\t\t\t\t\t\t<div class=\"elementor-container elementor-column-gap-default\">\n\t\t\t\t\t<div class=\"elementor-column elementor-col-100 elementor-inner-column elementor-element elementor-element-1f48dd94\" data-id=\"1f48dd94\" data-element_type=\"column\" data-e-type=\"column\">\n\t\t\t<div class=\"elementor-widget-wrap elementor-element-populated\">\n\t\t\t\t\t\t<div class=\"elementor-element elementor-element-61641b89 elementor-widget elementor-widget-hub_fancy_heading\" data-id=\"61641b89\" data-element_type=\"widget\" data-e-type=\"widget\" data-widget_type=\"hub_fancy_heading.default\">\n\t\t\t\t<div class=\"elementor-widget-container\">\n\t\t\t\t\t\n\t\t<div id=\"ld-fancy-heading-69fdd268cec95\" class=\"ld-fancy-heading pos-rel\">\n\t\t\t<p class=\"ld-fh-element d-inline-block pos-rel  lqd-highlight-classic lqd-highlight-grow-left p\"  > Scopul consilierii, de regul\u0103, se reduce la oferirea de recomand\u0103ri, concluzii, prezentarea \u0219i protejarea intereselor clien\u021bilor \u00een instan\u021be \u0219i alte organe.\n\n<\/p>\t\t<\/div>\n\n\t\t\t\t\t\t<\/div>\n\t\t\t\t<\/div>\n\t\t\t\t<div class=\"elementor-element elementor-element-33ec4e8f elementor-widget elementor-widget-hub_fancy_heading\" data-id=\"33ec4e8f\" data-element_type=\"widget\" data-e-type=\"widget\" data-widget_type=\"hub_fancy_heading.default\">\n\t\t\t\t<div class=\"elementor-widget-container\">\n\t\t\t\t\t\n\t\t<div id=\"ld-fancy-heading-69fdd268cfb93\" class=\"ld-fancy-heading pos-rel\">\n\t\t\t<p class=\"ld-fh-element d-inline-block pos-rel  lqd-highlight-classic lqd-highlight-grow-left p\"  > Particularitatea serviciilor de consultan\u021b\u0103 este c\u0103 consultantul ofer\u0103 r\u0103spunsuri informate la \u00eentreb\u0103rile clientului.\n\n<\/p>\t\t<\/div>\n\n\t\t\t\t\t\t<\/div>\n\t\t\t\t<\/div>\n\t\t\t\t<div class=\"elementor-element elementor-element-5e5653a0 elementor-widget elementor-widget-hub_fancy_heading\" data-id=\"5e5653a0\" data-element_type=\"widget\" data-e-type=\"widget\" data-widget_type=\"hub_fancy_heading.default\">\n\t\t\t\t<div class=\"elementor-widget-container\">\n\t\t\t\t\t\n\t\t<div id=\"ld-fancy-heading-69fdd268d06f2\" class=\"ld-fancy-heading pos-rel\">\n\t\t\t<p class=\"ld-fh-element d-inline-block pos-rel  lqd-highlight-classic lqd-highlight-grow-left p\"  > Serviciile de consultan\u021b\u0103 pot fi prestate sub form\u0103 de consult\u0103ri unice, consulta\u021bii de grup (seminare, demonstra\u021bii, training-uri de afaceri etc.), precum \u0219i \u00een mod continuu sub form\u0103 de servicii de abonament al clientului de c\u0103tre un consultant cu privire la un anumit cerc de probleme. De exemplu, consilierea clien\u021bilor fideli de c\u0103tre firmele de avocatur\u0103 juridic\u0103, consilierea clien\u021bilor fideli de c\u0103tre companiile de audit \u0219i consultan\u021b\u0103 \u00een domeniul contabilit\u0103\u021bii, impozit\u0103rii \u0219i managementului financiar, consilierea clien\u021bilor fideli cu privire la gestionarea activit\u0103\u021bilor comerciale.\n\n<\/p>\t\t<\/div>\n\n\t\t\t\t\t\t<\/div>\n\t\t\t\t<\/div>\n\t\t\t\t\t<\/div>\n\t\t<\/div>\n\t\t\t\t\t<\/div>\n\t\t<\/section>\n\t\t\t\t\t<\/div>\n\t\t<\/div>\n\t\t\t\t\t<\/div>\n\t\t<\/section>\n\t\t\t\t<\/div>\n\t\t","protected":false},"excerpt":{"rendered":"<p>Servicii de consultan\u021b\u0103 Scopul consilierii, de regul\u0103, se reduce la oferirea de recomand\u0103ri, concluzii, prezentarea \u0219i protejarea intereselor clien\u021bilor \u00een instan\u021be \u0219i alte organe. Particularitatea serviciilor de consultan\u021b\u0103 este c\u0103 consultantul ofer\u0103 r\u0103spunsuri informate la \u00eentreb\u0103rile clientului. Serviciile de consultan\u021b\u0103 pot fi prestate sub form\u0103 de consult\u0103ri unice, consulta\u021bii de grup (seminare, demonstra\u021bii, training-uri de [&hellip;]<\/p>\n","protected":false},"author":25,"featured_media":0,"parent":0,"menu_order":0,"comment_status":"closed","ping_status":"closed","template":"","meta":{"footnotes":""},"class_list":["post-691","page","type-page","status-publish","hentry"],"_links":{"self":[{"href":"https:\/\/contaudit.md\/index.php\/wp-json\/wp\/v2\/pages\/691","targetHints":{"allow":["GET"]}}],"collection":[{"href":"https:\/\/contaudit.md\/index.php\/wp-json\/wp\/v2\/pages"}],"about":[{"href":"https:\/\/contaudit.md\/index.php\/wp-json\/wp\/v2\/types\/page"}],"author":[{"embeddable":true,"href":"https:\/\/contaudit.md\/index.php\/wp-json\/wp\/v2\/users\/25"}],"replies":[{"embeddable":true,"href":"https:\/\/contaudit.md\/index.php\/wp-json\/wp\/v2\/comments?post=691"}],"version-history":[{"count":3,"href":"https:\/\/contaudit.md\/index.php\/wp-json\/wp\/v2\/pages\/691\/revisions"}],"predecessor-version":[{"id":834,"href":"https:\/\/contaudit.md\/index.php\/wp-json\/wp\/v2\/pages\/691\/revisions\/834"}],"wp:attachment":[{"href":"https:\/\/contaudit.md\/index.php\/wp-json\/wp\/v2\/media?parent=691"}],"curies":[{"name":"wp","href":"https:\/\/api.w.org\/{rel}","templated":true}]}}