{"id":700,"date":"2022-09-23T08:00:52","date_gmt":"2022-09-23T08:00:52","guid":{"rendered":"https:\/\/contaudit.md\/index.php\/audit-obligatoriu\/"},"modified":"2022-09-23T08:01:09","modified_gmt":"2022-09-23T08:01:09","slug":"audit-obligatoriu","status":"publish","type":"page","link":"https:\/\/contaudit.md\/index.php\/audit-obligatoriu\/","title":{"rendered":"Audit obligatoriu"},"content":{"rendered":"\t\t<div data-elementor-type=\"wp-page\" data-elementor-id=\"700\" class=\"elementor elementor-700\">\n\t\t\t\t\t\t<section class=\"elementor-section elementor-top-section elementor-element elementor-element-430046ca elementor-section-boxed elementor-section-height-default elementor-section-height-default\" data-id=\"430046ca\" data-element_type=\"section\" data-e-type=\"section\" data-settings=\"{&quot;background_background&quot;:&quot;classic&quot;}\">\n\t\t\t\t\t\t\t<div class=\"elementor-background-overlay\"><\/div>\n\t\t\t\t\t\t\t<div class=\"elementor-container elementor-column-gap-default\">\n\t\t\t\t\t<div class=\"elementor-column elementor-col-100 elementor-top-column elementor-element elementor-element-44f3da58\" data-id=\"44f3da58\" data-element_type=\"column\" data-e-type=\"column\">\n\t\t\t<div class=\"elementor-widget-wrap elementor-element-populated\">\n\t\t\t\t\t\t<div class=\"elementor-element elementor-element-48bb4806 elementor-widget elementor-widget-hub_fancy_heading\" data-id=\"48bb4806\" data-element_type=\"widget\" data-e-type=\"widget\" data-widget_type=\"hub_fancy_heading.default\">\n\t\t\t\t<div class=\"elementor-widget-container\">\n\t\t\t\t\t\n\t\t<div id=\"ld-fancy-heading-69fdd35a478e3\" class=\"ld-fancy-heading pos-rel\">\n\t\t\t<h1 class=\"ld-fh-element d-inline-block pos-rel  elementor-heading-title lqd-highlight-classic lqd-highlight-grow-left h1\"  > Audit obligatoriu\n<\/h1>\t\t<\/div>\n\n\t\t\t\t\t\t<\/div>\n\t\t\t\t<\/div>\n\t\t\t\t\t<\/div>\n\t\t<\/div>\n\t\t\t\t\t<\/div>\n\t\t<\/section>\n\t\t\t\t<section class=\"elementor-section elementor-top-section elementor-element elementor-element-5aa752a0 elementor-section-boxed elementor-section-height-default elementor-section-height-default\" data-id=\"5aa752a0\" data-element_type=\"section\" data-e-type=\"section\">\n\t\t\t\t\t\t<div class=\"elementor-container elementor-column-gap-default\">\n\t\t\t\t\t<div class=\"elementor-column elementor-col-100 elementor-top-column elementor-element elementor-element-7b25cb64\" data-id=\"7b25cb64\" data-element_type=\"column\" data-e-type=\"column\">\n\t\t\t<div class=\"elementor-widget-wrap elementor-element-populated\">\n\t\t\t\t\t\t<div class=\"elementor-element elementor-element-7409b4ed elementor-widget elementor-widget-text-editor\" data-id=\"7409b4ed\" data-element_type=\"widget\" data-e-type=\"widget\" data-widget_type=\"text-editor.default\">\n\t\t\t\t<div class=\"elementor-widget-container\">\n\t\t\t\t\t\t\t\t\t<div id=\"content\" class=\"clearfix\">\n<article id=\"post-1202\" class=\"post-1202 post type-post status-publish format-standard hentry category-servicii\">\n<div class=\"article-content clearfix\">\n<div class=\"entry-content clearfix\">\n<div id=\"content\" class=\"clearfix\">\n<article id=\"post-1205\" class=\"post-1205 post type-post status-publish format-standard hentry category-servicii\">\n<div class=\"article-content clearfix\">\n<div class=\"entry-content clearfix\">\n<p>Compania, care a decis s\u0103 comande un audit obligatoriu al raport\u0103rii anuale \u00een cadrul \u201eCONTAUDIT-SERVICE\u201d SRL, prime\u0219te un serviciu complet.<\/p>\n<p><strong>Speciali\u0219tii companiei analizeaz\u0103:<\/strong><\/p>\n<ul>\n<li>Situa\u021biile financiare ale entit\u0103\u021bii \u0219i men\u021binerea registrelor contabile;<\/li>\n<li>Rapoarte privind performan\u021ba financiar\u0103, numerarul \u0219i fluxurile de capital;<\/li>\n<li>Alte documente legate de contabilitate financiar\u0103.<\/li>\n<\/ul>\n<p>Pe baza rezultatelor auditului, se \u00eentocme\u0219te un raport de audit \u00een conformitate cu SIA \u0219i cerin\u021bele legisla\u021biei RM. \u00cen plus, clientul prime\u0219te un raport scris despre munca depus\u0103.<\/p>\n<p>Costul unui audit obligatoriu din grupul de audit \u201eCONTAUDIT-SERVICE\u201d SRL este calculat individual pentru fiecare client.<\/p>\n<p><strong>Pre\u021burile se stabilesc \u00een func\u021bie de:<\/strong><\/p>\n<ul>\n<li>cifra de afaceri anual\u0103, volumul opera\u021biunilor, starea fluxului de documente \u0219i raportarea;<\/li>\n<li>domeniul de activitate al \u00eentreprinderii \u0219i forma sa juridic\u0103;<\/li>\n<li>num\u0103rul de angaja\u021bi;<\/li>\n<li>sistemul fiscal;<\/li>\n<li>disponibilitatea activit\u0103\u021bilor \u0219i sucursalelor de comer\u021b exterior;<\/li>\n<li>cerin\u021bele clien\u021bilor.<\/li>\n<\/ul>\n<p>De asemenea, costul serviciilor cre\u0219te dac\u0103 auditul trebuie efectuat de urgen\u021b\u0103.<\/p>\n<\/div>\n<\/div>\n<\/article>\n<\/div>\n<\/div>\n<\/div>\n<\/article>\n<\/div>\t\t\t\t\t\t\t\t<\/div>\n\t\t\t\t<\/div>\n\t\t\t\t\t<\/div>\n\t\t<\/div>\n\t\t\t\t\t<\/div>\n\t\t<\/section>\n\t\t\t\t<\/div>\n\t\t","protected":false},"excerpt":{"rendered":"<p>Audit obligatoriu Compania, care a decis s\u0103 comande un audit obligatoriu al raport\u0103rii anuale \u00een cadrul \u201eCONTAUDIT-SERVICE\u201d SRL, prime\u0219te un serviciu complet. Speciali\u0219tii companiei analizeaz\u0103: Situa\u021biile financiare ale entit\u0103\u021bii \u0219i men\u021binerea registrelor contabile; Rapoarte privind performan\u021ba financiar\u0103, numerarul \u0219i fluxurile de capital; Alte documente legate de contabilitate financiar\u0103. Pe baza rezultatelor auditului, se \u00eentocme\u0219te un [&hellip;]<\/p>\n","protected":false},"author":25,"featured_media":0,"parent":0,"menu_order":0,"comment_status":"closed","ping_status":"closed","template":"","meta":{"footnotes":""},"class_list":["post-700","page","type-page","status-publish","hentry"],"_links":{"self":[{"href":"https:\/\/contaudit.md\/index.php\/wp-json\/wp\/v2\/pages\/700","targetHints":{"allow":["GET"]}}],"collection":[{"href":"https:\/\/contaudit.md\/index.php\/wp-json\/wp\/v2\/pages"}],"about":[{"href":"https:\/\/contaudit.md\/index.php\/wp-json\/wp\/v2\/types\/page"}],"author":[{"embeddable":true,"href":"https:\/\/contaudit.md\/index.php\/wp-json\/wp\/v2\/users\/25"}],"replies":[{"embeddable":true,"href":"https:\/\/contaudit.md\/index.php\/wp-json\/wp\/v2\/comments?post=700"}],"version-history":[{"count":3,"href":"https:\/\/contaudit.md\/index.php\/wp-json\/wp\/v2\/pages\/700\/revisions"}],"predecessor-version":[{"id":837,"href":"https:\/\/contaudit.md\/index.php\/wp-json\/wp\/v2\/pages\/700\/revisions\/837"}],"wp:attachment":[{"href":"https:\/\/contaudit.md\/index.php\/wp-json\/wp\/v2\/media?parent=700"}],"curies":[{"name":"wp","href":"https:\/\/api.w.org\/{rel}","templated":true}]}}