{"id":706,"date":"2022-09-23T08:00:52","date_gmt":"2022-09-23T08:00:52","guid":{"rendered":"https:\/\/contaudit.md\/index.php\/servicii-de-audit\/"},"modified":"2022-09-23T08:01:09","modified_gmt":"2022-09-23T08:01:09","slug":"servicii-de-audit","status":"publish","type":"page","link":"https:\/\/contaudit.md\/index.php\/servicii-de-audit\/","title":{"rendered":"Servicii de audit\u200b"},"content":{"rendered":"\t\t<div data-elementor-type=\"wp-page\" data-elementor-id=\"706\" class=\"elementor elementor-706\">\n\t\t\t\t\t\t<section class=\"elementor-section elementor-top-section elementor-element elementor-element-347a7f84 elementor-section-boxed elementor-section-height-default elementor-section-height-default\" data-id=\"347a7f84\" data-element_type=\"section\" data-e-type=\"section\" data-settings=\"{&quot;background_background&quot;:&quot;classic&quot;}\">\n\t\t\t\t\t\t<div class=\"elementor-container elementor-column-gap-default\">\n\t\t\t\t\t<div class=\"elementor-column elementor-col-100 elementor-top-column elementor-element elementor-element-63d0d42c\" data-id=\"63d0d42c\" data-element_type=\"column\" data-e-type=\"column\">\n\t\t\t<div class=\"elementor-widget-wrap elementor-element-populated\">\n\t\t\t\t\t\t<div class=\"elementor-element elementor-element-1b337684 elementor-widget elementor-widget-hub_fancy_heading\" data-id=\"1b337684\" data-element_type=\"widget\" data-e-type=\"widget\" data-widget_type=\"hub_fancy_heading.default\">\n\t\t\t\t<div class=\"elementor-widget-container\">\n\t\t\t\t\t\n\t\t<div id=\"ld-fancy-heading-69f1e1b95aa27\" class=\"ld-fancy-heading pos-rel\">\n\t\t\t<h1 class=\"ld-fh-element d-inline-block pos-rel  elementor-heading-title lqd-highlight-classic lqd-highlight-grow-left h1\"  > Servicii de audit<\/h1>\t\t<\/div>\n\n\t\t\t\t\t\t<\/div>\n\t\t\t\t<\/div>\n\t\t\t\t\t<\/div>\n\t\t<\/div>\n\t\t\t\t\t<\/div>\n\t\t<\/section>\n\t\t\t\t<section class=\"elementor-section elementor-top-section elementor-element elementor-element-7fe168fd elementor-section-boxed elementor-section-height-default elementor-section-height-default\" data-id=\"7fe168fd\" data-element_type=\"section\" data-e-type=\"section\">\n\t\t\t\t\t\t<div class=\"elementor-container elementor-column-gap-default\">\n\t\t\t\t\t<div class=\"elementor-column elementor-col-50 elementor-top-column elementor-element elementor-element-4e2bc4c3\" data-id=\"4e2bc4c3\" data-element_type=\"column\" data-e-type=\"column\">\n\t\t\t<div class=\"elementor-widget-wrap elementor-element-populated\">\n\t\t\t\t\t\t<div class=\"elementor-element elementor-element-126409e7 elementor-widget elementor-widget-image\" data-id=\"126409e7\" data-element_type=\"widget\" data-e-type=\"widget\" data-widget_type=\"image.default\">\n\t\t\t\t<div class=\"elementor-widget-container\">\n\t\t\t\t\t\t\t\t\t\t\t\t\t\t\t<img fetchpriority=\"high\" decoding=\"async\" width=\"780\" height=\"522\" src=\"https:\/\/contaudit.md\/wp-content\/uploads\/2022\/09\/aatt5-1024x685.png\" class=\"attachment-large size-large wp-image-134\" alt=\"\" srcset=\"https:\/\/contaudit.md\/wp-content\/uploads\/2022\/09\/aatt5-1024x685.png 1024w, https:\/\/contaudit.md\/wp-content\/uploads\/2022\/09\/aatt5-300x201.png 300w, https:\/\/contaudit.md\/wp-content\/uploads\/2022\/09\/aatt5-1536x1028.png 1536w, https:\/\/contaudit.md\/wp-content\/uploads\/2022\/09\/aatt5.png 1920w\" sizes=\"(max-width: 780px) 100vw, 780px\" \/>\t\t\t\t\t\t\t\t\t\t\t\t\t\t\t<\/div>\n\t\t\t\t<\/div>\n\t\t\t\t\t<\/div>\n\t\t<\/div>\n\t\t\t\t<div class=\"elementor-column elementor-col-50 elementor-top-column elementor-element elementor-element-15f65e83\" data-id=\"15f65e83\" data-element_type=\"column\" data-e-type=\"column\">\n\t\t\t<div class=\"elementor-widget-wrap elementor-element-populated\">\n\t\t\t\t\t\t<section class=\"elementor-section elementor-inner-section elementor-element elementor-element-660148d4 elementor-section-boxed elementor-section-height-default elementor-section-height-default\" data-id=\"660148d4\" data-element_type=\"section\" data-e-type=\"section\">\n\t\t\t\t\t\t<div class=\"elementor-container elementor-column-gap-default\">\n\t\t\t\t\t<div class=\"elementor-column elementor-col-100 elementor-inner-column elementor-element elementor-element-38ba663a\" data-id=\"38ba663a\" data-element_type=\"column\" data-e-type=\"column\">\n\t\t\t<div class=\"elementor-widget-wrap elementor-element-populated\">\n\t\t\t\t\t\t<div class=\"elementor-element elementor-element-6800ed1e elementor-widget elementor-widget-hub_fancy_heading\" data-id=\"6800ed1e\" data-element_type=\"widget\" data-e-type=\"widget\" data-widget_type=\"hub_fancy_heading.default\">\n\t\t\t\t<div class=\"elementor-widget-container\">\n\t\t\t\t\t\n\t\t<div id=\"ld-fancy-heading-69f1e1b95b2cf\" class=\"ld-fancy-heading pos-rel\">\n\t\t\t<p class=\"ld-fh-element d-inline-block pos-rel  lqd-highlight-classic lqd-highlight-grow-left p\"  > Auditul companiei este incontestabil esen\u021bial pentru a \u00een\u021belege unde \u0219i \u00een ce stare se afl\u0103 afacerea dvs. \u00een acest moment, \u00een ce direc\u021bie se mi\u0219c\u0103, ce riscuri pot fi, cum s\u0103 le anticipa\u021bi \u0219i ce poate fi corectat pentru a evita consecin\u021bele nepl\u0103cute.\n\n<\/p>\t\t<\/div>\n\n\t\t\t\t\t\t<\/div>\n\t\t\t\t<\/div>\n\t\t\t\t<div class=\"elementor-element elementor-element-1d123a90 elementor-widget elementor-widget-hub_fancy_heading\" data-id=\"1d123a90\" data-element_type=\"widget\" data-e-type=\"widget\" data-widget_type=\"hub_fancy_heading.default\">\n\t\t\t\t<div class=\"elementor-widget-container\">\n\t\t\t\t\t\n\t\t<div id=\"ld-fancy-heading-69f1e1b95bbbf\" class=\"ld-fancy-heading pos-rel\">\n\t\t\t<p class=\"ld-fh-element d-inline-block pos-rel  lqd-highlight-classic lqd-highlight-grow-left p\"  > Claritatea \u00een afaceri este extrem de important\u0103 \u0219i este fundamentul dezvolt\u0103rii cu succes a companiei Dvs.\n\n<\/p>\t\t<\/div>\n\n\t\t\t\t\t\t<\/div>\n\t\t\t\t<\/div>\n\t\t\t\t\t<\/div>\n\t\t<\/div>\n\t\t\t\t\t<\/div>\n\t\t<\/section>\n\t\t\t\t\t<\/div>\n\t\t<\/div>\n\t\t\t\t\t<\/div>\n\t\t<\/section>\n\t\t\t\t<\/div>\n\t\t","protected":false},"excerpt":{"rendered":"<p>Servicii de audit Auditul companiei este incontestabil esen\u021bial pentru a \u00een\u021belege unde \u0219i \u00een ce stare se afl\u0103 afacerea dvs. \u00een acest moment, \u00een ce direc\u021bie se mi\u0219c\u0103, ce riscuri pot fi, cum s\u0103 le anticipa\u021bi \u0219i ce poate fi corectat pentru a evita consecin\u021bele nepl\u0103cute. Claritatea \u00een afaceri este extrem de important\u0103 \u0219i este [&hellip;]<\/p>\n","protected":false},"author":25,"featured_media":0,"parent":0,"menu_order":0,"comment_status":"closed","ping_status":"closed","template":"","meta":{"footnotes":""},"class_list":["post-706","page","type-page","status-publish","hentry"],"_links":{"self":[{"href":"https:\/\/contaudit.md\/index.php\/wp-json\/wp\/v2\/pages\/706","targetHints":{"allow":["GET"]}}],"collection":[{"href":"https:\/\/contaudit.md\/index.php\/wp-json\/wp\/v2\/pages"}],"about":[{"href":"https:\/\/contaudit.md\/index.php\/wp-json\/wp\/v2\/types\/page"}],"author":[{"embeddable":true,"href":"https:\/\/contaudit.md\/index.php\/wp-json\/wp\/v2\/users\/25"}],"replies":[{"embeddable":true,"href":"https:\/\/contaudit.md\/index.php\/wp-json\/wp\/v2\/comments?post=706"}],"version-history":[{"count":3,"href":"https:\/\/contaudit.md\/index.php\/wp-json\/wp\/v2\/pages\/706\/revisions"}],"predecessor-version":[{"id":839,"href":"https:\/\/contaudit.md\/index.php\/wp-json\/wp\/v2\/pages\/706\/revisions\/839"}],"wp:attachment":[{"href":"https:\/\/contaudit.md\/index.php\/wp-json\/wp\/v2\/media?parent=706"}],"curies":[{"name":"wp","href":"https:\/\/api.w.org\/{rel}","templated":true}]}}