{"id":709,"date":"2022-09-23T08:00:52","date_gmt":"2022-09-23T08:00:52","guid":{"rendered":"https:\/\/contaudit.md\/index.php\/servicii-contabile-la-distanta\/"},"modified":"2022-09-23T08:01:09","modified_gmt":"2022-09-23T08:01:09","slug":"servicii-contabile-la-distanta","status":"publish","type":"page","link":"https:\/\/contaudit.md\/index.php\/servicii-contabile-la-distanta\/","title":{"rendered":"Servicii contabile la distan\u021b\u0103"},"content":{"rendered":"\t\t<div data-elementor-type=\"wp-page\" data-elementor-id=\"709\" class=\"elementor elementor-709\">\n\t\t\t\t\t\t<section class=\"elementor-section elementor-top-section elementor-element elementor-element-61aaab4e elementor-section-boxed elementor-section-height-default elementor-section-height-default\" data-id=\"61aaab4e\" data-element_type=\"section\" data-e-type=\"section\" data-settings=\"{&quot;background_background&quot;:&quot;classic&quot;}\">\n\t\t\t\t\t\t\t<div class=\"elementor-background-overlay\"><\/div>\n\t\t\t\t\t\t\t<div class=\"elementor-container elementor-column-gap-default\">\n\t\t\t\t\t<div class=\"elementor-column elementor-col-100 elementor-top-column elementor-element elementor-element-bc3886b\" data-id=\"bc3886b\" data-element_type=\"column\" data-e-type=\"column\">\n\t\t\t<div class=\"elementor-widget-wrap elementor-element-populated\">\n\t\t\t\t\t\t<div class=\"elementor-element elementor-element-40a47769 elementor-widget elementor-widget-hub_fancy_heading\" data-id=\"40a47769\" data-element_type=\"widget\" data-e-type=\"widget\" data-widget_type=\"hub_fancy_heading.default\">\n\t\t\t\t<div class=\"elementor-widget-container\">\n\t\t\t\t\t\n\t\t<div id=\"ld-fancy-heading-69fdd356c3f8b\" class=\"ld-fancy-heading pos-rel\">\n\t\t\t<h1 class=\"ld-fh-element d-inline-block pos-rel  elementor-heading-title lqd-highlight-classic lqd-highlight-grow-left h1\"  > Servicii contabile la distan\u021b\u0103\n<\/h1>\t\t<\/div>\n\n\t\t\t\t\t\t<\/div>\n\t\t\t\t<\/div>\n\t\t\t\t\t<\/div>\n\t\t<\/div>\n\t\t\t\t\t<\/div>\n\t\t<\/section>\n\t\t\t\t<section class=\"elementor-section elementor-top-section elementor-element elementor-element-42edf7cc elementor-section-boxed elementor-section-height-default elementor-section-height-default\" data-id=\"42edf7cc\" data-element_type=\"section\" data-e-type=\"section\">\n\t\t\t\t\t\t<div class=\"elementor-container elementor-column-gap-default\">\n\t\t\t\t\t<div class=\"elementor-column elementor-col-100 elementor-top-column elementor-element elementor-element-48377452\" data-id=\"48377452\" data-element_type=\"column\" data-e-type=\"column\">\n\t\t\t<div class=\"elementor-widget-wrap elementor-element-populated\">\n\t\t\t\t\t\t<div class=\"elementor-element elementor-element-9778cb elementor-widget elementor-widget-text-editor\" data-id=\"9778cb\" data-element_type=\"widget\" data-e-type=\"widget\" data-widget_type=\"text-editor.default\">\n\t\t\t\t<div class=\"elementor-widget-container\">\n\t\t\t\t\t\t\t\t\t<p>Contabilitatea la distan\u021b\u0103 este un sistem de management al muncii \u00een care sunt implica\u021bi contabilii care lucreaz\u0103 de la distan\u021b\u0103.<\/p><p>Zonele de contabilitate \u00eentre\u021binute de personalul contabil de la distan\u021b\u0103:<\/p><ul><li>rapoarte avans;<\/li><li>banc\u0103 (extrase, preg\u0103tirea documentelor de plat\u0103);<\/li><li>contabilitatea mijloacelor fixe;<\/li><li>decont\u0103ri cu furnizori; punerea \u00een aplicare.<\/li><\/ul><p>\u00cen acest caz, documentele primare pot fi livrate prin curier, prin po\u0219t\u0103 sau prin canale de comunicare electronic\u0103.<\/p><p>Principalele criterii de evaluare a contabilului care activeaz\u0103 la distan\u021b\u0103:<\/p><ul><li>cunoa\u0219tere excelent\u0103 a legisla\u021biei actuale;<\/li><li>responsabilitate;<\/li><li>capacitatea de a lucra independent;<\/li><li>capacitate de prioritate.<\/li><\/ul><p>Compania va putea reduce costul chirii, al resurselor tehnice \u0219i materiale \u00een cazul acces\u0103rii acestui serviciu.<\/p>\t\t\t\t\t\t\t\t<\/div>\n\t\t\t\t<\/div>\n\t\t\t\t\t<\/div>\n\t\t<\/div>\n\t\t\t\t\t<\/div>\n\t\t<\/section>\n\t\t\t\t<\/div>\n\t\t","protected":false},"excerpt":{"rendered":"<p>Servicii contabile la distan\u021b\u0103 Contabilitatea la distan\u021b\u0103 este un sistem de management al muncii \u00een care sunt implica\u021bi contabilii care lucreaz\u0103 de la distan\u021b\u0103. Zonele de contabilitate \u00eentre\u021binute de personalul contabil de la distan\u021b\u0103: rapoarte avans; banc\u0103 (extrase, preg\u0103tirea documentelor de plat\u0103); contabilitatea mijloacelor fixe; decont\u0103ri cu furnizori; punerea \u00een aplicare. \u00cen acest caz, documentele [&hellip;]<\/p>\n","protected":false},"author":25,"featured_media":0,"parent":0,"menu_order":0,"comment_status":"closed","ping_status":"closed","template":"","meta":{"footnotes":""},"class_list":["post-709","page","type-page","status-publish","hentry"],"_links":{"self":[{"href":"https:\/\/contaudit.md\/index.php\/wp-json\/wp\/v2\/pages\/709","targetHints":{"allow":["GET"]}}],"collection":[{"href":"https:\/\/contaudit.md\/index.php\/wp-json\/wp\/v2\/pages"}],"about":[{"href":"https:\/\/contaudit.md\/index.php\/wp-json\/wp\/v2\/types\/page"}],"author":[{"embeddable":true,"href":"https:\/\/contaudit.md\/index.php\/wp-json\/wp\/v2\/users\/25"}],"replies":[{"embeddable":true,"href":"https:\/\/contaudit.md\/index.php\/wp-json\/wp\/v2\/comments?post=709"}],"version-history":[{"count":3,"href":"https:\/\/contaudit.md\/index.php\/wp-json\/wp\/v2\/pages\/709\/revisions"}],"predecessor-version":[{"id":840,"href":"https:\/\/contaudit.md\/index.php\/wp-json\/wp\/v2\/pages\/709\/revisions\/840"}],"wp:attachment":[{"href":"https:\/\/contaudit.md\/index.php\/wp-json\/wp\/v2\/media?parent=709"}],"curies":[{"name":"wp","href":"https:\/\/api.w.org\/{rel}","templated":true}]}}