{"id":715,"date":"2022-09-23T08:00:52","date_gmt":"2022-09-23T08:00:52","guid":{"rendered":"https:\/\/contaudit.md\/index.php\/restabilirea-evidentei-contabile\/"},"modified":"2022-09-23T08:01:09","modified_gmt":"2022-09-23T08:01:09","slug":"restabilirea-evidentei-contabile","status":"publish","type":"page","link":"https:\/\/contaudit.md\/index.php\/restabilirea-evidentei-contabile\/","title":{"rendered":"Restabilirea eviden\u021bei contabile"},"content":{"rendered":"\t\t<div data-elementor-type=\"wp-page\" data-elementor-id=\"715\" class=\"elementor elementor-715\">\n\t\t\t\t\t\t<section class=\"elementor-section elementor-top-section elementor-element elementor-element-6b8f9d9e elementor-section-boxed elementor-section-height-default elementor-section-height-default\" data-id=\"6b8f9d9e\" data-element_type=\"section\" data-e-type=\"section\" data-settings=\"{&quot;background_background&quot;:&quot;classic&quot;}\">\n\t\t\t\t\t\t\t<div class=\"elementor-background-overlay\"><\/div>\n\t\t\t\t\t\t\t<div class=\"elementor-container elementor-column-gap-default\">\n\t\t\t\t\t<div class=\"elementor-column elementor-col-100 elementor-top-column elementor-element elementor-element-16307fab\" data-id=\"16307fab\" data-element_type=\"column\" data-e-type=\"column\">\n\t\t\t<div class=\"elementor-widget-wrap elementor-element-populated\">\n\t\t\t\t\t\t<div class=\"elementor-element elementor-element-15661197 elementor-widget elementor-widget-hub_fancy_heading\" data-id=\"15661197\" data-element_type=\"widget\" data-e-type=\"widget\" data-widget_type=\"hub_fancy_heading.default\">\n\t\t\t\t<div class=\"elementor-widget-container\">\n\t\t\t\t\t\n\t\t<div id=\"ld-fancy-heading-69fdd27b7e833\" class=\"ld-fancy-heading pos-rel\">\n\t\t\t<h1 class=\"ld-fh-element d-inline-block pos-rel  elementor-heading-title lqd-highlight-classic lqd-highlight-grow-left h1\"  > Restabilirea eviden\u021bei contabile\n<\/h1>\t\t<\/div>\n\n\t\t\t\t\t\t<\/div>\n\t\t\t\t<\/div>\n\t\t\t\t\t<\/div>\n\t\t<\/div>\n\t\t\t\t\t<\/div>\n\t\t<\/section>\n\t\t\t\t<section class=\"elementor-section elementor-top-section elementor-element elementor-element-20e8560a elementor-section-boxed elementor-section-height-default elementor-section-height-default\" data-id=\"20e8560a\" data-element_type=\"section\" data-e-type=\"section\">\n\t\t\t\t\t\t<div class=\"elementor-container elementor-column-gap-default\">\n\t\t\t\t\t<div class=\"elementor-column elementor-col-100 elementor-top-column elementor-element elementor-element-4eaa15fa\" data-id=\"4eaa15fa\" data-element_type=\"column\" data-e-type=\"column\">\n\t\t\t<div class=\"elementor-widget-wrap elementor-element-populated\">\n\t\t\t\t\t\t<div class=\"elementor-element elementor-element-161a29a0 elementor-widget elementor-widget-text-editor\" data-id=\"161a29a0\" data-element_type=\"widget\" data-e-type=\"widget\" data-widget_type=\"text-editor.default\">\n\t\t\t\t<div class=\"elementor-widget-container\">\n\t\t\t\t\t\t\t\t\t<p>Restabilirea eviden\u021bei contabile este unul dintre domenii de activitate ale \u201eCONTAUDIT-SERVICE\u201d SRL. Timp de peste 10 ani, efectu\u0103m cu succes opera\u021biuni de restabilire a contabilit\u0103\u021bii pentru persoanele juridice, respect\u00e2nd termenele pentru implementarea sarcinilor \u0219i oferind clien\u021bilor pre\u021buri accesibile \u0219i o abordare individuali\u0103 pentru solu\u021bionarea problemelor.<\/p><p><strong>\u00cen ce cazuri merit\u0103 s\u0103 comanda\u021bi restabilirea contabilit\u0103\u021bii?<\/strong><br \/>Acest serviciu este indispensabil \u00een urm\u0103toarele cazuri:<\/p><ul><li>Lipsa contabilit\u0103\u021bii sau a \u00eenregistr\u0103rilor fiscale pentru o anumit\u0103 perioad\u0103 de timp;<\/li><li>Inexactitatea datelor \u0219i completarea incorect\u0103 a documenta\u021biei primare;<\/li><li>Detectarea erorilor \u00een contabilitate \u0219i corectarea acestora dac\u0103 cantitatea de date incorecte dep\u0103\u0219e\u0219te 20% din informa\u021bii.<\/li><\/ul><p><strong>Ce beneficii ob\u021bine\u021bi?<\/strong><\/p><p>Serviciul include un set de opera\u021biuni pentru analizarea \u0219i identificarea erorilor din documenta\u021bie, precum \u0219i colectarea \u0219i recuperarea fi\u0219ierelor lips\u0103 \u0219i a documentelor de raportare. Colaborarea pe aceast\u0103 problem\u0103 cu \u201eCONTAUDIT-SERVICE\u201d SRL v\u0103 ofer\u0103 o<strong>\u00a0abordare integral\u0103<\/strong>\u00a0\u2013 ne vom asuma responsabilitatea verific\u0103rii \u0219i actualiz\u0103rii datelor din documente, precum \u0219i vom oferi recomand\u0103ri privind \u00eembun\u0103t\u0103\u021birea eficien\u021bei impozitelor \u0219i a contabilit\u0103\u021bii, completarea declara\u021biilor \u0219i a altor tipuri de raportare.<\/p>\t\t\t\t\t\t\t\t<\/div>\n\t\t\t\t<\/div>\n\t\t\t\t\t<\/div>\n\t\t<\/div>\n\t\t\t\t\t<\/div>\n\t\t<\/section>\n\t\t\t\t<\/div>\n\t\t","protected":false},"excerpt":{"rendered":"<p>Restabilirea eviden\u021bei contabile Restabilirea eviden\u021bei contabile este unul dintre domenii de activitate ale \u201eCONTAUDIT-SERVICE\u201d SRL. Timp de peste 10 ani, efectu\u0103m cu succes opera\u021biuni de restabilire a contabilit\u0103\u021bii pentru persoanele juridice, respect\u00e2nd termenele pentru implementarea sarcinilor \u0219i oferind clien\u021bilor pre\u021buri accesibile \u0219i o abordare individuali\u0103 pentru solu\u021bionarea problemelor. \u00cen ce cazuri merit\u0103 s\u0103 comanda\u021bi restabilirea [&hellip;]<\/p>\n","protected":false},"author":25,"featured_media":0,"parent":0,"menu_order":0,"comment_status":"closed","ping_status":"closed","template":"","meta":{"footnotes":""},"class_list":["post-715","page","type-page","status-publish","hentry"],"_links":{"self":[{"href":"https:\/\/contaudit.md\/index.php\/wp-json\/wp\/v2\/pages\/715","targetHints":{"allow":["GET"]}}],"collection":[{"href":"https:\/\/contaudit.md\/index.php\/wp-json\/wp\/v2\/pages"}],"about":[{"href":"https:\/\/contaudit.md\/index.php\/wp-json\/wp\/v2\/types\/page"}],"author":[{"embeddable":true,"href":"https:\/\/contaudit.md\/index.php\/wp-json\/wp\/v2\/users\/25"}],"replies":[{"embeddable":true,"href":"https:\/\/contaudit.md\/index.php\/wp-json\/wp\/v2\/comments?post=715"}],"version-history":[{"count":3,"href":"https:\/\/contaudit.md\/index.php\/wp-json\/wp\/v2\/pages\/715\/revisions"}],"predecessor-version":[{"id":842,"href":"https:\/\/contaudit.md\/index.php\/wp-json\/wp\/v2\/pages\/715\/revisions\/842"}],"wp:attachment":[{"href":"https:\/\/contaudit.md\/index.php\/wp-json\/wp\/v2\/media?parent=715"}],"curies":[{"name":"wp","href":"https:\/\/api.w.org\/{rel}","templated":true}]}}