{"id":718,"date":"2022-09-23T08:00:52","date_gmt":"2022-09-23T08:00:52","guid":{"rendered":"https:\/\/contaudit.md\/index.php\/contabilitate\/"},"modified":"2022-09-23T08:01:09","modified_gmt":"2022-09-23T08:01:09","slug":"contabilitate","status":"publish","type":"page","link":"https:\/\/contaudit.md\/index.php\/contabilitate\/","title":{"rendered":"Contabilitate\u200b"},"content":{"rendered":"\t\t<div data-elementor-type=\"wp-page\" data-elementor-id=\"718\" class=\"elementor elementor-718\">\n\t\t\t\t\t\t<section class=\"elementor-section elementor-top-section elementor-element elementor-element-33dba082 elementor-section-boxed elementor-section-height-default elementor-section-height-default\" data-id=\"33dba082\" data-element_type=\"section\" data-e-type=\"section\" data-settings=\"{&quot;background_background&quot;:&quot;classic&quot;}\">\n\t\t\t\t\t\t\t<div class=\"elementor-background-overlay\"><\/div>\n\t\t\t\t\t\t\t<div class=\"elementor-container elementor-column-gap-default\">\n\t\t\t\t\t<div class=\"elementor-column elementor-col-100 elementor-top-column elementor-element elementor-element-4297ba1e\" data-id=\"4297ba1e\" data-element_type=\"column\" data-e-type=\"column\">\n\t\t\t<div class=\"elementor-widget-wrap elementor-element-populated\">\n\t\t\t\t\t\t<div class=\"elementor-element elementor-element-c5da896 elementor-widget elementor-widget-hub_fancy_heading\" data-id=\"c5da896\" data-element_type=\"widget\" data-e-type=\"widget\" data-widget_type=\"hub_fancy_heading.default\">\n\t\t\t\t<div class=\"elementor-widget-container\">\n\t\t\t\t\t\n\t\t<div id=\"ld-fancy-heading-69fdd16f13aed\" class=\"ld-fancy-heading pos-rel\">\n\t\t\t<h1 class=\"ld-fh-element d-inline-block pos-rel  elementor-heading-title lqd-highlight-classic lqd-highlight-grow-left h1\"  > Contabilitate<\/h1>\t\t<\/div>\n\n\t\t\t\t\t\t<\/div>\n\t\t\t\t<\/div>\n\t\t\t\t\t<\/div>\n\t\t<\/div>\n\t\t\t\t\t<\/div>\n\t\t<\/section>\n\t\t\t\t<section class=\"elementor-section elementor-top-section elementor-element elementor-element-36eba54 elementor-section-boxed elementor-section-height-default elementor-section-height-default\" data-id=\"36eba54\" data-element_type=\"section\" data-e-type=\"section\">\n\t\t\t\t\t\t<div class=\"elementor-container elementor-column-gap-default\">\n\t\t\t\t\t<div class=\"elementor-column elementor-col-100 elementor-top-column elementor-element elementor-element-27001ec1\" data-id=\"27001ec1\" data-element_type=\"column\" data-e-type=\"column\">\n\t\t\t<div class=\"elementor-widget-wrap elementor-element-populated\">\n\t\t\t\t\t\t<div class=\"elementor-element elementor-element-304578cf elementor-widget elementor-widget-text-editor\" data-id=\"304578cf\" data-element_type=\"widget\" data-e-type=\"widget\" data-widget_type=\"text-editor.default\">\n\t\t\t\t<div class=\"elementor-widget-container\">\n\t\t\t\t\t\t\t\t\t<p>Cuno\u0219tin\u021bele, Experien\u021ba \u0219i Atitudinea profesionist\u0103 \u00een domeniul contabilit\u0103\u021bii este principalul avantaj al echipei \u201eCONTAUDIT-SERVICE\u201d SRL. Opteaz\u0103 pentru contractarea serviciilor unei companii de contabilitate \u0219i economise\u0219te cea mai valoroas\u0103 resurs\u0103 \u2013 Timpul.<\/p>\n<p>Tranzac\u021biile zilnice sunt procesate \u0219i livrate la maxima a\u0219tept\u0103rilor. Suntem receptivi \u0219i oferim aten\u021bie individual\u0103 fiec\u0103rui client \u00een parte.<\/p>\n<p><strong>\u00ce\u021bi oferim servicii profesioniste \u00een:<\/strong><\/p>\n<ul>\n<li>procesarea documentelor primare;<br><\/li>\n<li>elaborarea \u0219i prezentarea rapoartelor obligatorii conform legisla\u021biei \u00een vigoare;<\/li>\n<li>calculul taxelor \u0219i impozitelor necesare;<br><\/li>\n<li>calculul salariului \u0219i contribu\u021biilor necesare.<\/li>\n<\/ul>\n<p><strong>Ce beneficii ob\u021bine\u021bi?<\/strong><\/p>\n<p>Serviciul de contabilitate implic\u0103 un set de sarcini contabile. Externalizarea serviciilor contabile v\u0103 ofer\u0103 avantaje evidente:<\/p>\n<ol>\n<li><strong>Servicii de \u00eenalt\u0103 calitate<\/strong>&nbsp;\u2013 toate lucr\u0103rile sunt realizate de speciali\u0219ti cu o experien\u021b\u0103 de peste 10 ani, care \u00ee\u0219i \u00eembun\u0103t\u0103\u021besc \u00een mod regulat calific\u0103rile, monitorizeaz\u0103 modific\u0103rile legisla\u021biei \u0219i folosesc cele mai noi programe de automatizare a fluxurilor de lucru din activitatea lor pentru o contabilitate rapid\u0103 \u0219i de \u00eenalt\u0103 calitate;<\/li>\n<li><strong>Costul serviciului individual&nbsp;<\/strong>\u2013 fiec\u0103rui client i se garanteaz\u0103 un calcul personal, \u021bin\u00e2nd cont de volumul \u0219i complexitatea lucr\u0103rii;<\/li>\n<li><strong>Garan\u021bii de securitate<\/strong>&nbsp;\u2013 serviciile de contabilitate sunt realizate pe baza unui contract formal, care explic\u0103 obliga\u021biile \u0219i responsabilit\u0103\u021bile p\u0103r\u021bilor, volumul \u0219i costul exact al serviciilor;<\/li>\n<li><strong>Reducerea costurilor contabile<\/strong>&nbsp;\u2013 apel\u00e2nd la o companie de externalizare v\u0103 permite s\u0103 reduce\u021bi costurile personalului, s\u0103 achizi\u021biona\u021bi hardware \u0219i software, folosind fondurile eliberate pentru dezvoltarea afacerilor. Serviciile de contabilitate extern\u0103 simplific\u0103 procesele de afaceri \u0219i contribuie la reducerea costurilor contabile \u0219i de operare cu 30-80%.<\/li>\n<\/ol>\n<p>Serviciile de contabilitate cu abonament sunt necesare pentru \u00eentreprinderile mici \u0219i mijlocii care doresc s\u0103 economiseasc\u0103 la capitolul men\u021binerea personalului.<\/p>\n<p><strong>Serviciul este recomandat \u00een astfel de situa\u021bii:<\/strong><\/p>\n<ul>\n<li>afacerea a fost lansat\u0103 recent, iar personalul nu a fost \u00eenc\u0103 selectat, dar este necesar s\u0103 \u021bine\u021bi \u00een permanen\u021b\u0103 \u00eenregistr\u0103ri, s\u0103 preg\u0103ti\u021bi \u0219i s\u0103 depune\u021bi rapoarte, prin urmare, antreprenorii noi externalizeaz\u0103 acest serviciu;<\/li>\n<li>\u00eentre\u021binerea speciali\u0219tilor cu norm\u0103 \u00eentreag\u0103 nu este posibil\u0103, mai ales dac\u0103 \u00eentreprinderea este mic\u0103, cu un num\u0103r mic de angaja\u021bi \u0219i tranzac\u021bii financiare;<\/li>\n<li>calific\u0103rile contabilului sunt \u00eendoielnice.<\/li>\n<\/ul>\n<p><strong>Serviciile de contabilitate pentru afaceri includ urm\u0103toarele activit\u0103\u021bi:<\/strong><\/p>\n<ul>\n<li>analiza \u0219i controlul auditorilor experimenta\u021bi care identific\u0103 \u0219i corecteaz\u0103 erorile contabile;<\/li>\n<li>calculul impozitelor, salariilor, sporurilor, pl\u0103\u021bilor de concediu etc.;<\/li>\n<li>crearea \u0219i completarea bazelor de date pe platforma 1C;<\/li>\n<li>constituirea registrelor fiscale \u0219i contabile;<\/li>\n<li>completarea documenta\u021biei primare \u00een format electronic \u0219i scris;<\/li>\n<li>consult\u0103ri privind selectarea unui sistem fiscal, reducerea riscului de impozitare, \u00eembun\u0103t\u0103\u021birea eficien\u021bei financiare a companiei.<\/li>\n<\/ul>\t\t\t\t\t\t\t\t<\/div>\n\t\t\t\t<\/div>\n\t\t\t\t\t<\/div>\n\t\t<\/div>\n\t\t\t\t\t<\/div>\n\t\t<\/section>\n\t\t\t\t<\/div>\n\t\t","protected":false},"excerpt":{"rendered":"<p>Contabilitate Cuno\u0219tin\u021bele, Experien\u021ba \u0219i Atitudinea profesionist\u0103 \u00een domeniul contabilit\u0103\u021bii este principalul avantaj al echipei \u201eCONTAUDIT-SERVICE\u201d SRL. Opteaz\u0103 pentru contractarea serviciilor unei companii de contabilitate \u0219i economise\u0219te cea mai valoroas\u0103 resurs\u0103 \u2013 Timpul. Tranzac\u021biile zilnice sunt procesate \u0219i livrate la maxima a\u0219tept\u0103rilor. Suntem receptivi \u0219i oferim aten\u021bie individual\u0103 fiec\u0103rui client \u00een parte. \u00ce\u021bi oferim servicii profesioniste [&hellip;]<\/p>\n","protected":false},"author":25,"featured_media":0,"parent":0,"menu_order":0,"comment_status":"closed","ping_status":"closed","template":"","meta":{"footnotes":""},"class_list":["post-718","page","type-page","status-publish","hentry"],"_links":{"self":[{"href":"https:\/\/contaudit.md\/index.php\/wp-json\/wp\/v2\/pages\/718","targetHints":{"allow":["GET"]}}],"collection":[{"href":"https:\/\/contaudit.md\/index.php\/wp-json\/wp\/v2\/pages"}],"about":[{"href":"https:\/\/contaudit.md\/index.php\/wp-json\/wp\/v2\/types\/page"}],"author":[{"embeddable":true,"href":"https:\/\/contaudit.md\/index.php\/wp-json\/wp\/v2\/users\/25"}],"replies":[{"embeddable":true,"href":"https:\/\/contaudit.md\/index.php\/wp-json\/wp\/v2\/comments?post=718"}],"version-history":[{"count":3,"href":"https:\/\/contaudit.md\/index.php\/wp-json\/wp\/v2\/pages\/718\/revisions"}],"predecessor-version":[{"id":843,"href":"https:\/\/contaudit.md\/index.php\/wp-json\/wp\/v2\/pages\/718\/revisions\/843"}],"wp:attachment":[{"href":"https:\/\/contaudit.md\/index.php\/wp-json\/wp\/v2\/media?parent=718"}],"curies":[{"name":"wp","href":"https:\/\/api.w.org\/{rel}","templated":true}]}}