{"id":721,"date":"2022-09-23T08:00:52","date_gmt":"2022-09-23T08:00:52","guid":{"rendered":"https:\/\/contaudit.md\/index.php\/servicii-de-contabilitate\/"},"modified":"2022-09-23T08:01:09","modified_gmt":"2022-09-23T08:01:09","slug":"servicii-de-contabilitate","status":"publish","type":"page","link":"https:\/\/contaudit.md\/index.php\/servicii-de-contabilitate\/","title":{"rendered":"Servicii de contabilitate\u200b"},"content":{"rendered":"\t\t<div data-elementor-type=\"wp-page\" data-elementor-id=\"721\" class=\"elementor elementor-721\">\n\t\t\t\t\t\t<section class=\"elementor-section elementor-top-section elementor-element elementor-element-336d5bbd elementor-section-boxed elementor-section-height-default elementor-section-height-default\" data-id=\"336d5bbd\" data-element_type=\"section\" data-e-type=\"section\" data-settings=\"{&quot;background_background&quot;:&quot;classic&quot;}\">\n\t\t\t\t\t\t<div class=\"elementor-container elementor-column-gap-default\">\n\t\t\t\t\t<div class=\"elementor-column elementor-col-100 elementor-top-column elementor-element elementor-element-b7e10c3\" data-id=\"b7e10c3\" data-element_type=\"column\" data-e-type=\"column\">\n\t\t\t<div class=\"elementor-widget-wrap elementor-element-populated\">\n\t\t\t\t\t\t<div class=\"elementor-element elementor-element-13da7e6b elementor-widget elementor-widget-hub_fancy_heading\" data-id=\"13da7e6b\" data-element_type=\"widget\" data-e-type=\"widget\" data-widget_type=\"hub_fancy_heading.default\">\n\t\t\t\t<div class=\"elementor-widget-container\">\n\t\t\t\t\t\n\t\t<div id=\"ld-fancy-heading-69f5bc9649c82\" class=\"ld-fancy-heading pos-rel\">\n\t\t\t<h1 class=\"ld-fh-element d-inline-block pos-rel  elementor-heading-title lqd-highlight-classic lqd-highlight-grow-left h1\"  > Servicii de contabilitate<\/h1>\t\t<\/div>\n\n\t\t\t\t\t\t<\/div>\n\t\t\t\t<\/div>\n\t\t\t\t\t<\/div>\n\t\t<\/div>\n\t\t\t\t\t<\/div>\n\t\t<\/section>\n\t\t\t\t<section class=\"elementor-section elementor-top-section elementor-element elementor-element-172bfda5 elementor-section-boxed elementor-section-height-default elementor-section-height-default\" data-id=\"172bfda5\" data-element_type=\"section\" data-e-type=\"section\">\n\t\t\t\t\t\t<div class=\"elementor-container elementor-column-gap-default\">\n\t\t\t\t\t<div class=\"elementor-column elementor-col-50 elementor-top-column elementor-element elementor-element-3ce07676\" data-id=\"3ce07676\" data-element_type=\"column\" data-e-type=\"column\">\n\t\t\t<div class=\"elementor-widget-wrap elementor-element-populated\">\n\t\t\t\t\t\t<div class=\"elementor-element elementor-element-3e48731e elementor-widget elementor-widget-image\" data-id=\"3e48731e\" data-element_type=\"widget\" data-e-type=\"widget\" data-widget_type=\"image.default\">\n\t\t\t\t<div class=\"elementor-widget-container\">\n\t\t\t\t\t\t\t\t\t\t\t\t\t\t\t<img fetchpriority=\"high\" decoding=\"async\" width=\"780\" height=\"522\" src=\"https:\/\/contaudit.md\/wp-content\/uploads\/2022\/09\/dsada-1-1024x685.png\" class=\"attachment-large size-large wp-image-150\" alt=\"\" srcset=\"https:\/\/contaudit.md\/wp-content\/uploads\/2022\/09\/dsada-1-1024x685.png 1024w, https:\/\/contaudit.md\/wp-content\/uploads\/2022\/09\/dsada-1-300x201.png 300w, https:\/\/contaudit.md\/wp-content\/uploads\/2022\/09\/dsada-1.png 1920w\" sizes=\"(max-width: 780px) 100vw, 780px\" \/>\t\t\t\t\t\t\t\t\t\t\t\t\t\t\t<\/div>\n\t\t\t\t<\/div>\n\t\t\t\t\t<\/div>\n\t\t<\/div>\n\t\t\t\t<div class=\"elementor-column elementor-col-50 elementor-top-column elementor-element elementor-element-7fe815b5\" data-id=\"7fe815b5\" data-element_type=\"column\" data-e-type=\"column\">\n\t\t\t<div class=\"elementor-widget-wrap elementor-element-populated\">\n\t\t\t\t\t\t<section class=\"elementor-section elementor-inner-section elementor-element elementor-element-77654 elementor-section-boxed elementor-section-height-default elementor-section-height-default\" data-id=\"77654\" data-element_type=\"section\" data-e-type=\"section\">\n\t\t\t\t\t\t<div class=\"elementor-container elementor-column-gap-default\">\n\t\t\t\t\t<div class=\"elementor-column elementor-col-100 elementor-inner-column elementor-element elementor-element-4c758cb8\" data-id=\"4c758cb8\" data-element_type=\"column\" data-e-type=\"column\">\n\t\t\t<div class=\"elementor-widget-wrap elementor-element-populated\">\n\t\t\t\t\t\t<div class=\"elementor-element elementor-element-293e437 elementor-widget elementor-widget-hub_fancy_heading\" data-id=\"293e437\" data-element_type=\"widget\" data-e-type=\"widget\" data-widget_type=\"hub_fancy_heading.default\">\n\t\t\t\t<div class=\"elementor-widget-container\">\n\t\t\t\t\t\n\t\t<div id=\"ld-fancy-heading-69f5bc964c78c\" class=\"ld-fancy-heading pos-rel\">\n\t\t\t<p class=\"ld-fh-element d-inline-block pos-rel  lqd-highlight-classic lqd-highlight-grow-left p\"  > \u201cCONTAUDIT-SERVICE\u201d SRL presteaz\u0103 servicii \u00een domeniul eviden\u021bei contabile \u0219i manageriale, suport personal, audit \u0219i consultan\u021b\u0103 fiscal\u0103. Oferim suport complet de contabilitate, recuperare de raportare, suport juridic.\n\n<\/p>\t\t<\/div>\n\n\t\t\t\t\t\t<\/div>\n\t\t\t\t<\/div>\n\t\t\t\t<div class=\"elementor-element elementor-element-289e1caf elementor-widget elementor-widget-hub_fancy_heading\" data-id=\"289e1caf\" data-element_type=\"widget\" data-e-type=\"widget\" data-widget_type=\"hub_fancy_heading.default\">\n\t\t\t\t<div class=\"elementor-widget-container\">\n\t\t\t\t\t\n\t\t<div id=\"ld-fancy-heading-69f5bc964ec8f\" class=\"ld-fancy-heading pos-rel\">\n\t\t\t<p class=\"ld-fh-element d-inline-block pos-rel  lqd-highlight-classic lqd-highlight-grow-left p\"  > Asisten\u021ba \u00een dezvoltarea afacerii clientului este o sarcin\u0103 fundamental\u0103 de organizare a activit\u0103\u021bii angaja\u021bilor companiei. \u00cen fiecare zi, exper\u021bii se confrunt\u0103 cu \u00eentreprinderi de diferite dimensiuni, activit\u0103\u021bi, principii de lucru \u0219i forme organizatorico-juridice.\n<\/p>\t\t<\/div>\n\n\t\t\t\t\t\t<\/div>\n\t\t\t\t<\/div>\n\t\t\t\t<div class=\"elementor-element elementor-element-6bb6780f elementor-widget elementor-widget-hub_fancy_heading\" data-id=\"6bb6780f\" data-element_type=\"widget\" data-e-type=\"widget\" data-widget_type=\"hub_fancy_heading.default\">\n\t\t\t\t<div class=\"elementor-widget-container\">\n\t\t\t\t\t\n\t\t<div id=\"ld-fancy-heading-69f5bc96510c6\" class=\"ld-fancy-heading pos-rel\">\n\t\t\t<p class=\"ld-fh-element d-inline-block pos-rel  lqd-highlight-classic lqd-highlight-grow-left p\"  > Fiecare specialist are studii superioare de profil \u0219i ani de munc\u0103 practic\u0103.\n<\/p>\t\t<\/div>\n\n\t\t\t\t\t\t<\/div>\n\t\t\t\t<\/div>\n\t\t\t\t\t<\/div>\n\t\t<\/div>\n\t\t\t\t\t<\/div>\n\t\t<\/section>\n\t\t\t\t\t<\/div>\n\t\t<\/div>\n\t\t\t\t\t<\/div>\n\t\t<\/section>\n\t\t\t\t<\/div>\n\t\t","protected":false},"excerpt":{"rendered":"<p>Servicii de contabilitate \u201cCONTAUDIT-SERVICE\u201d SRL presteaz\u0103 servicii \u00een domeniul eviden\u021bei contabile \u0219i manageriale, suport personal, audit \u0219i consultan\u021b\u0103 fiscal\u0103. Oferim suport complet de contabilitate, recuperare de raportare, suport juridic. Asisten\u021ba \u00een dezvoltarea afacerii clientului este o sarcin\u0103 fundamental\u0103 de organizare a activit\u0103\u021bii angaja\u021bilor companiei. \u00cen fiecare zi, exper\u021bii se confrunt\u0103 cu \u00eentreprinderi de diferite dimensiuni, [&hellip;]<\/p>\n","protected":false},"author":25,"featured_media":0,"parent":0,"menu_order":0,"comment_status":"closed","ping_status":"closed","template":"","meta":{"footnotes":""},"class_list":["post-721","page","type-page","status-publish","hentry"],"_links":{"self":[{"href":"https:\/\/contaudit.md\/index.php\/wp-json\/wp\/v2\/pages\/721","targetHints":{"allow":["GET"]}}],"collection":[{"href":"https:\/\/contaudit.md\/index.php\/wp-json\/wp\/v2\/pages"}],"about":[{"href":"https:\/\/contaudit.md\/index.php\/wp-json\/wp\/v2\/types\/page"}],"author":[{"embeddable":true,"href":"https:\/\/contaudit.md\/index.php\/wp-json\/wp\/v2\/users\/25"}],"replies":[{"embeddable":true,"href":"https:\/\/contaudit.md\/index.php\/wp-json\/wp\/v2\/comments?post=721"}],"version-history":[{"count":3,"href":"https:\/\/contaudit.md\/index.php\/wp-json\/wp\/v2\/pages\/721\/revisions"}],"predecessor-version":[{"id":844,"href":"https:\/\/contaudit.md\/index.php\/wp-json\/wp\/v2\/pages\/721\/revisions\/844"}],"wp:attachment":[{"href":"https:\/\/contaudit.md\/index.php\/wp-json\/wp\/v2\/media?parent=721"}],"curies":[{"name":"wp","href":"https:\/\/api.w.org\/{rel}","templated":true}]}}